{"id":715182,"date":"2023-03-27T10:23:14","date_gmt":"2023-03-27T07:23:14","guid":{"rendered":"https:\/\/games.tactic.net\/tuote\/vi-laerer-oss-dyreaktiviteter\/"},"modified":"2024-01-23T11:17:20","modified_gmt":"2024-01-23T09:17:20","slug":"vi-laerer-oss-dyreaktiviteter","status":"publish","type":"product","link":"https:\/\/games.tactic.net\/no\/tuote\/vi-laerer-oss-dyreaktiviteter\/","title":{"rendered":"Vi l\u00e6rer oss Dyreaktiviteter"},"content":{"rendered":"<p>En aktivitetsbok full av morsomme aktiviteter. Se, let, sammenlign, fargelegg og mye mer. L\u00e6r blyantbruk, visuell tenkning og konsentrasjon. Denne boka har fargerike illustrasjoner og engasjerende aktiviteter som gir deg timevis med moro! Vi velger de beste b\u00f8kene fra Europa til Tactics Vi l\u00e6rer oss -serie. Disse bokvalgene utfyller den finske produktfamilen. La oss l\u00e6re!<\/p>\n","protected":false},"excerpt":{"rendered":"<p>En aktivitetsbok full av morsomme aktiviteter. Se, let, sammenlign, fargelegg og mye mer. L\u00e6r blyantbruk, visuell tenkning og konsentrasjon. Denne boka har fargerike illustrasjoner og engasjerende aktiviteter som gir deg timevis med moro! Vi velger de beste b\u00f8kene fra Europa til Tactics Vi l\u00e6rer oss -serie. Disse bokvalgene utfyller den finske produktfamilen. La oss l\u00e6re!<\/p>\n","protected":false},"featured_media":0,"template":"","meta":{"content-type":"","_monsterinsights_skip_tracking":false,"_monsterinsights_sitenote_active":false,"_monsterinsights_sitenote_note":"","_monsterinsights_sitenote_category":0},"product_brand":[],"product_cat":[2026],"product_tag":[],"brand":[{"id":861,"name":"Let's Learn","slug":"letslearn-no"}],"target-group":[],"discontinued":[],"class_list":{"0":"post-715182","1":"product","2":"type-product","3":"status-publish","5":"product_cat-aktivitetsboker","6":"brand-letslearn-no","8":"first","9":"instock","10":"taxable","11":"shipping-taxable","12":"product-type-simple"},"aioseo_notices":[],"_links":{"self":[{"href":"https:\/\/games.tactic.net\/no\/wp-json\/wp\/v2\/product\/715182","targetHints":{"allow":["GET"]}}],"collection":[{"href":"https:\/\/games.tactic.net\/no\/wp-json\/wp\/v2\/product"}],"about":[{"href":"https:\/\/games.tactic.net\/no\/wp-json\/wp\/v2\/types\/product"}],"wp:attachment":[{"href":"https:\/\/games.tactic.net\/no\/wp-json\/wp\/v2\/media?parent=715182"}],"wp:term":[{"taxonomy":"product_brand","embeddable":true,"href":"https:\/\/games.tactic.net\/no\/wp-json\/wp\/v2\/product_brand?post=715182"},{"taxonomy":"product_cat","embeddable":true,"href":"https:\/\/games.tactic.net\/no\/wp-json\/wp\/v2\/product_cat?post=715182"},{"taxonomy":"product_tag","embeddable":true,"href":"https:\/\/games.tactic.net\/no\/wp-json\/wp\/v2\/product_tag?post=715182"},{"taxonomy":"brand","embeddable":true,"href":"https:\/\/games.tactic.net\/no\/wp-json\/wp\/v2\/brand?post=715182"},{"taxonomy":"target-group","embeddable":true,"href":"https:\/\/games.tactic.net\/no\/wp-json\/wp\/v2\/target-group?post=715182"},{"taxonomy":"discontinued","embeddable":true,"href":"https:\/\/games.tactic.net\/no\/wp-json\/wp\/v2\/discontinued?post=715182"}],"curies":[{"name":"wp","href":"https:\/\/api.w.org\/{rel}","templated":true}]}}