{"id":713527,"date":"2023-03-09T09:56:42","date_gmt":"2023-03-09T07:56:42","guid":{"rendered":"https:\/\/games.tactic.net\/tuote\/petanque-in-sport-bag\/"},"modified":"2025-04-17T11:28:13","modified_gmt":"2025-04-17T08:28:13","slug":"petanque-in-sport-bag","status":"publish","type":"product","link":"https:\/\/games.tactic.net\/no\/tuote\/petanque-in-sport-bag\/","title":{"rendered":"Tactic Petanque Sport Bag outdoor game"},"content":{"rendered":"<p>73 mm\/720 g Petanque-baller, trekule og m\u00e5leb\u00e5nd. En fargerik skulderrem gj\u00f8r det lett \u00e5 b\u00e6re. Solide materialer for utend\u00f8rsbruk.<\/p>\n","protected":false},"excerpt":{"rendered":"<p>73 mm\/720 g Petanque-baller, trekule og m\u00e5leb\u00e5nd. En fargerik skulderrem gj\u00f8r det lett \u00e5 b\u00e6re. Solide materialer for utend\u00f8rsbruk.<\/p>\n","protected":false},"featured_media":0,"template":"","meta":{"content-type":"","_monsterinsights_skip_tracking":false,"_monsterinsights_sitenote_active":false,"_monsterinsights_sitenote_note":"","_monsterinsights_sitenote_category":0},"product_brand":[],"product_cat":[1691],"product_tag":[1251,1221],"brand":[],"target-group":[],"discontinued":[],"class_list":{"0":"post-713527","1":"product","2":"type-product","3":"status-publish","5":"product_cat-andre-utespill-utespill-og-leker","6":"product_tag-ferdighet-no","7":"product_tag-funksjon-no","9":"first","10":"instock","11":"taxable","12":"shipping-taxable","13":"product-type-simple"},"aioseo_notices":[],"_links":{"self":[{"href":"https:\/\/games.tactic.net\/no\/wp-json\/wp\/v2\/product\/713527","targetHints":{"allow":["GET"]}}],"collection":[{"href":"https:\/\/games.tactic.net\/no\/wp-json\/wp\/v2\/product"}],"about":[{"href":"https:\/\/games.tactic.net\/no\/wp-json\/wp\/v2\/types\/product"}],"wp:attachment":[{"href":"https:\/\/games.tactic.net\/no\/wp-json\/wp\/v2\/media?parent=713527"}],"wp:term":[{"taxonomy":"product_brand","embeddable":true,"href":"https:\/\/games.tactic.net\/no\/wp-json\/wp\/v2\/product_brand?post=713527"},{"taxonomy":"product_cat","embeddable":true,"href":"https:\/\/games.tactic.net\/no\/wp-json\/wp\/v2\/product_cat?post=713527"},{"taxonomy":"product_tag","embeddable":true,"href":"https:\/\/games.tactic.net\/no\/wp-json\/wp\/v2\/product_tag?post=713527"},{"taxonomy":"brand","embeddable":true,"href":"https:\/\/games.tactic.net\/no\/wp-json\/wp\/v2\/brand?post=713527"},{"taxonomy":"target-group","embeddable":true,"href":"https:\/\/games.tactic.net\/no\/wp-json\/wp\/v2\/target-group?post=713527"},{"taxonomy":"discontinued","embeddable":true,"href":"https:\/\/games.tactic.net\/no\/wp-json\/wp\/v2\/discontinued?post=713527"}],"curies":[{"name":"wp","href":"https:\/\/api.w.org\/{rel}","templated":true}]}}