{"id":710829,"date":"2023-02-10T10:48:29","date_gmt":"2023-02-10T08:48:29","guid":{"rendered":"https:\/\/games.tactic.net\/tuote\/game-of-80s\/"},"modified":"2024-01-12T09:22:32","modified_gmt":"2024-01-12T07:22:32","slug":"game-of-80s","status":"publish","type":"product","link":"https:\/\/games.tactic.net\/no\/tuote\/game-of-80s\/","title":{"rendered":"Game of 80\u00b4s"},"content":{"rendered":"<p>Hvor mye vet du om 80-tallet? Ti\u00e5ret for MTV, hockeysveis og bukser med h\u00f8yt liv. Dette underholdende spillet vil teste dine kunnskaper i 5 ulike kategorier. Riktig svar gir deg et kort, og f\u00f8rste spiller med 5 kort vinner. Fargerikt design. Enkle regler og spillet er i gang raskt!<\/p>\n","protected":false},"excerpt":{"rendered":"<p>Hvor mye vet du om 80-tallet? Ti\u00e5ret for MTV, hockeysveis og bukser med h\u00f8yt liv. Dette underholdende spillet vil teste dine kunnskaper i 5 ulike kategorier. Riktig svar gir deg et kort, og f\u00f8rste spiller med 5 kort vinner. &#8211; Fargerikt design. &#8211; Enkle regler og spillet er i gang raskt!<\/p>\n","protected":false},"featured_media":0,"template":"","meta":{"content-type":"","_monsterinsights_skip_tracking":false,"_monsterinsights_sitenote_active":false,"_monsterinsights_sitenote_note":"","_monsterinsights_sitenote_category":0},"product_brand":[],"product_cat":[1665],"product_tag":[1274,1255,1267,969],"brand":[],"target-group":[],"discontinued":[],"class_list":{"0":"post-710829","1":"product","2":"type-product","3":"status-publish","5":"product_cat-sporrespill-voksenspill","6":"product_tag-kunnskap","7":"product_tag-pedagogisk-no","8":"product_tag-sammen-no","9":"product_tag-tidsfordriv-2","11":"first","12":"instock","13":"taxable","14":"shipping-taxable","15":"product-type-simple"},"aioseo_notices":[],"_links":{"self":[{"href":"https:\/\/games.tactic.net\/no\/wp-json\/wp\/v2\/product\/710829","targetHints":{"allow":["GET"]}}],"collection":[{"href":"https:\/\/games.tactic.net\/no\/wp-json\/wp\/v2\/product"}],"about":[{"href":"https:\/\/games.tactic.net\/no\/wp-json\/wp\/v2\/types\/product"}],"wp:attachment":[{"href":"https:\/\/games.tactic.net\/no\/wp-json\/wp\/v2\/media?parent=710829"}],"wp:term":[{"taxonomy":"product_brand","embeddable":true,"href":"https:\/\/games.tactic.net\/no\/wp-json\/wp\/v2\/product_brand?post=710829"},{"taxonomy":"product_cat","embeddable":true,"href":"https:\/\/games.tactic.net\/no\/wp-json\/wp\/v2\/product_cat?post=710829"},{"taxonomy":"product_tag","embeddable":true,"href":"https:\/\/games.tactic.net\/no\/wp-json\/wp\/v2\/product_tag?post=710829"},{"taxonomy":"brand","embeddable":true,"href":"https:\/\/games.tactic.net\/no\/wp-json\/wp\/v2\/brand?post=710829"},{"taxonomy":"target-group","embeddable":true,"href":"https:\/\/games.tactic.net\/no\/wp-json\/wp\/v2\/target-group?post=710829"},{"taxonomy":"discontinued","embeddable":true,"href":"https:\/\/games.tactic.net\/no\/wp-json\/wp\/v2\/discontinued?post=710829"}],"curies":[{"name":"wp","href":"https:\/\/api.w.org\/{rel}","templated":true}]}}