{"id":700509,"date":"2023-01-20T11:14:44","date_gmt":"2023-01-20T09:14:44","guid":{"rendered":"https:\/\/games.tactic.net\/tuote\/ses-my-first-male-med-vann-dinosaurer\/"},"modified":"2023-06-08T12:24:47","modified_gmt":"2023-06-08T09:24:47","slug":"ses-my-first-male-med-vann-dinosaurer","status":"publish","type":"product","link":"https:\/\/games.tactic.net\/no\/tuote\/ses-my-first-male-med-vann-dinosaurer\/","title":{"rendered":"My first male med vann dinosaur"},"content":{"rendered":"<p>Ta vann p\u00e5 penselen og mal over motivet. Fine farger og m\u00f8nster dukker opp uten s\u00f8l! Arkene kan brukes flere ganger. Inkl. 4 motivark og 1 pensel.<\/p>\n","protected":false},"excerpt":{"rendered":"<p>Ta vann p\u00e5 penselen og mal over motivet. Fine farger og m\u00f8nster dukker opp uten s\u00f8l! Arkene kan brukes flere ganger. Inkl. 4 motivark og 1 pensel.<\/p>\n","protected":false},"featured_media":0,"template":"","meta":{"content-type":"","_monsterinsights_skip_tracking":false,"_monsterinsights_sitenote_active":false,"_monsterinsights_sitenote_note":"","_monsterinsights_sitenote_category":0},"product_brand":[],"product_cat":[2131],"product_tag":[],"brand":[],"target-group":[],"discontinued":[],"class_list":{"0":"post-700509","1":"product","2":"type-product","3":"status-publish","5":"product_cat-ses","7":"first","8":"instock","9":"taxable","10":"shipping-taxable","11":"product-type-simple"},"aioseo_notices":[],"_links":{"self":[{"href":"https:\/\/games.tactic.net\/no\/wp-json\/wp\/v2\/product\/700509","targetHints":{"allow":["GET"]}}],"collection":[{"href":"https:\/\/games.tactic.net\/no\/wp-json\/wp\/v2\/product"}],"about":[{"href":"https:\/\/games.tactic.net\/no\/wp-json\/wp\/v2\/types\/product"}],"wp:attachment":[{"href":"https:\/\/games.tactic.net\/no\/wp-json\/wp\/v2\/media?parent=700509"}],"wp:term":[{"taxonomy":"product_brand","embeddable":true,"href":"https:\/\/games.tactic.net\/no\/wp-json\/wp\/v2\/product_brand?post=700509"},{"taxonomy":"product_cat","embeddable":true,"href":"https:\/\/games.tactic.net\/no\/wp-json\/wp\/v2\/product_cat?post=700509"},{"taxonomy":"product_tag","embeddable":true,"href":"https:\/\/games.tactic.net\/no\/wp-json\/wp\/v2\/product_tag?post=700509"},{"taxonomy":"brand","embeddable":true,"href":"https:\/\/games.tactic.net\/no\/wp-json\/wp\/v2\/brand?post=700509"},{"taxonomy":"target-group","embeddable":true,"href":"https:\/\/games.tactic.net\/no\/wp-json\/wp\/v2\/target-group?post=700509"},{"taxonomy":"discontinued","embeddable":true,"href":"https:\/\/games.tactic.net\/no\/wp-json\/wp\/v2\/discontinued?post=700509"}],"curies":[{"name":"wp","href":"https:\/\/api.w.org\/{rel}","templated":true}]}}