{"id":699689,"date":"2023-01-19T13:46:43","date_gmt":"2023-01-19T11:46:43","guid":{"rendered":"https:\/\/games.tactic.net\/tuote\/vil-du-vedde-2-2\/"},"modified":"2025-04-07T12:27:17","modified_gmt":"2025-04-07T09:27:17","slug":"vil-du-vedde-2-2","status":"archive","type":"product","link":"https:\/\/games.tactic.net\/no\/tuote\/vil-du-vedde-2-2\/","title":{"rendered":"Vil du vedde? 2 reisespill"},"content":{"rendered":"<p>Hver spiller pr\u00f8ver \u00e5 l\u00f8se b\u00e5de fysiske og mentale oppgaver for \u00e5 vinne stort, mens de andre spillerne vedder p\u00e5 om spilleren klarer det eller ikke.<br \/>\nInneholder et stort utvalg av morsomme oppgaver.<br \/>\nDette artige spillet f\u00e5r alle i bevegelse.<br \/>\nPerfekt for familier og venner!<\/p>\n","protected":false},"excerpt":{"rendered":"<p>Hver spiller pr\u00f8ver \u00e5 l\u00f8se b\u00e5de fysiske og mentale oppgaver for \u00e5 vinne stort, mens de andre spillerne vedder p\u00e5 om spilleren klarer det eller ikke.<\/p>\n","protected":false},"featured_media":699675,"template":"","meta":{"content-type":"","_monsterinsights_skip_tracking":false,"_monsterinsights_sitenote_active":false,"_monsterinsights_sitenote_note":"","_monsterinsights_sitenote_category":0},"product_brand":[],"product_cat":[1587],"product_tag":[1221,1267],"brand":[],"target-group":[],"discontinued":[],"class_list":{"0":"post-699689","1":"product","2":"type-product","3":"status-archive","4":"has-post-thumbnail","6":"product_cat-reisespill-familiespill","7":"product_tag-funksjon-no","8":"product_tag-sammen-no","10":"first","11":"outofstock","12":"taxable","13":"shipping-taxable","14":"product-type-simple"},"aioseo_notices":[],"_links":{"self":[{"href":"https:\/\/games.tactic.net\/no\/wp-json\/wp\/v2\/product\/699689","targetHints":{"allow":["GET"]}}],"collection":[{"href":"https:\/\/games.tactic.net\/no\/wp-json\/wp\/v2\/product"}],"about":[{"href":"https:\/\/games.tactic.net\/no\/wp-json\/wp\/v2\/types\/product"}],"wp:featuredmedia":[{"embeddable":true,"href":"https:\/\/games.tactic.net\/no\/wp-json\/wp\/v2\/media\/699675"}],"wp:attachment":[{"href":"https:\/\/games.tactic.net\/no\/wp-json\/wp\/v2\/media?parent=699689"}],"wp:term":[{"taxonomy":"product_brand","embeddable":true,"href":"https:\/\/games.tactic.net\/no\/wp-json\/wp\/v2\/product_brand?post=699689"},{"taxonomy":"product_cat","embeddable":true,"href":"https:\/\/games.tactic.net\/no\/wp-json\/wp\/v2\/product_cat?post=699689"},{"taxonomy":"product_tag","embeddable":true,"href":"https:\/\/games.tactic.net\/no\/wp-json\/wp\/v2\/product_tag?post=699689"},{"taxonomy":"brand","embeddable":true,"href":"https:\/\/games.tactic.net\/no\/wp-json\/wp\/v2\/brand?post=699689"},{"taxonomy":"target-group","embeddable":true,"href":"https:\/\/games.tactic.net\/no\/wp-json\/wp\/v2\/target-group?post=699689"},{"taxonomy":"discontinued","embeddable":true,"href":"https:\/\/games.tactic.net\/no\/wp-json\/wp\/v2\/discontinued?post=699689"}],"curies":[{"name":"wp","href":"https:\/\/api.w.org\/{rel}","templated":true}]}}