{"id":698692,"date":"2023-01-17T10:45:06","date_gmt":"2023-01-17T08:45:06","guid":{"rendered":"http:\/\/games.tactic.net\/tuote\/selma-hund-brun-25-cm-liten\/"},"modified":"2025-01-20T10:38:02","modified_gmt":"2025-01-20T08:38:02","slug":"selma-hund-brun-25-cm-liten","status":"archive","type":"product","link":"https:\/\/games.tactic.net\/no\/tuote\/selma-hund-brun-25-cm-liten\/","title":{"rendered":"Selma hund 25 cm brun"},"content":{"rendered":"<p>Produktet er testet og godkjent fra nyf\u00f8dt. Kan vaskes p\u00e5 40 grader i maskin. Det har barnesikre \u00f8yne, er flammesikkert, &#8211; det er ikke tilsatt flammehemmende midler og har testede s\u00f8mmer.<\/p>\n","protected":false},"excerpt":{"rendered":"<p>Produktet er testet og godkjent fra nyf\u00f8dt. Kan vaskes p\u00e5 40 grader i maskin. Det har barnesikre \u00f8yne, er flammesikkert, &#8211; det er ikke tilsatt flammehemmende midler og har testede s\u00f8mmer.<\/p>\n","protected":false},"featured_media":0,"template":"","meta":{"content-type":"","_monsterinsights_skip_tracking":false,"_monsterinsights_sitenote_active":false,"_monsterinsights_sitenote_note":"","_monsterinsights_sitenote_category":0},"product_brand":[],"product_cat":[2048],"product_tag":[],"brand":[],"target-group":[],"discontinued":[],"class_list":{"0":"post-698692","1":"product","2":"type-product","3":"status-archive","5":"product_cat-teddykompaniet","7":"first","8":"outofstock","9":"taxable","10":"shipping-taxable","11":"product-type-simple"},"aioseo_notices":[],"_links":{"self":[{"href":"https:\/\/games.tactic.net\/no\/wp-json\/wp\/v2\/product\/698692","targetHints":{"allow":["GET"]}}],"collection":[{"href":"https:\/\/games.tactic.net\/no\/wp-json\/wp\/v2\/product"}],"about":[{"href":"https:\/\/games.tactic.net\/no\/wp-json\/wp\/v2\/types\/product"}],"wp:attachment":[{"href":"https:\/\/games.tactic.net\/no\/wp-json\/wp\/v2\/media?parent=698692"}],"wp:term":[{"taxonomy":"product_brand","embeddable":true,"href":"https:\/\/games.tactic.net\/no\/wp-json\/wp\/v2\/product_brand?post=698692"},{"taxonomy":"product_cat","embeddable":true,"href":"https:\/\/games.tactic.net\/no\/wp-json\/wp\/v2\/product_cat?post=698692"},{"taxonomy":"product_tag","embeddable":true,"href":"https:\/\/games.tactic.net\/no\/wp-json\/wp\/v2\/product_tag?post=698692"},{"taxonomy":"brand","embeddable":true,"href":"https:\/\/games.tactic.net\/no\/wp-json\/wp\/v2\/brand?post=698692"},{"taxonomy":"target-group","embeddable":true,"href":"https:\/\/games.tactic.net\/no\/wp-json\/wp\/v2\/target-group?post=698692"},{"taxonomy":"discontinued","embeddable":true,"href":"https:\/\/games.tactic.net\/no\/wp-json\/wp\/v2\/discontinued?post=698692"}],"curies":[{"name":"wp","href":"https:\/\/api.w.org\/{rel}","templated":true}]}}