{"id":698237,"date":"2023-01-17T10:05:16","date_gmt":"2023-01-17T08:05:16","guid":{"rendered":"http:\/\/games.tactic.net\/tuote\/vi-laerer-oss-ord-rally\/"},"modified":"2024-09-19T11:19:21","modified_gmt":"2024-09-19T08:19:21","slug":"vi-laerer-oss-ord-rally","status":"publish","type":"product","link":"https:\/\/games.tactic.net\/no\/tuote\/vi-laerer-oss-ord-rally\/","title":{"rendered":"Vi l\u00e6rer oss ord rally"},"content":{"rendered":"<p>Se p\u00e5 bildene p\u00e5 kortene og se etter ting som starter med bokstavene p\u00e5 brettet ditt! For hver ting du navngir, kan du legge til en brikke p\u00e5 brettet ditt, og den f\u00f8rste som danner en rad med 5 brikker vinner! &#8211; Et flott verkt\u00f8y for \u00e5 l\u00e6re \u00e5 lese! &#8211; Inneholder et morsomt sorteringsspillalternativ for yngre spillere. &#8211; Spesialkortene gj\u00f8r spillet spennende!<\/p>\n<p><img decoding=\"async\" src=\"https:\\\\\\\\games.tactic.net\\\\pic\\\\logo\\\\Awarded_concept.png\"><img decoding=\"async\" src=\"https:\\\\\\\\games.tactic.net\\\\pic\\\\logo\\\\FI_2023_Vuoden_Peli_Lastenpelit_finalisti.png\"><\/p>\n","protected":false},"excerpt":{"rendered":"<p>Se p\u00e5 bildene p\u00e5 kortene og se etter ting som starter med bokstavene p\u00e5 brettet ditt! For hver ting du navngir, kan du legge til en brikke p\u00e5 brettet ditt, og den f\u00f8rste som danner en rad med 5 brikker vinner<\/p>\n","protected":false},"featured_media":0,"template":"","meta":{"content-type":"","_monsterinsights_skip_tracking":false,"_monsterinsights_sitenote_active":false,"_monsterinsights_sitenote_note":"","_monsterinsights_sitenote_category":0},"product_brand":[],"product_cat":[1663],"product_tag":[1255],"brand":[{"id":861,"name":"Let's Learn","slug":"letslearn-no"}],"target-group":[],"discontinued":[],"class_list":{"0":"post-698237","1":"product","2":"type-product","3":"status-publish","5":"product_cat-laerespill","6":"product_tag-pedagogisk-no","7":"brand-letslearn-no","9":"first","10":"instock","11":"taxable","12":"shipping-taxable","13":"product-type-simple"},"aioseo_notices":[],"_links":{"self":[{"href":"https:\/\/games.tactic.net\/no\/wp-json\/wp\/v2\/product\/698237","targetHints":{"allow":["GET"]}}],"collection":[{"href":"https:\/\/games.tactic.net\/no\/wp-json\/wp\/v2\/product"}],"about":[{"href":"https:\/\/games.tactic.net\/no\/wp-json\/wp\/v2\/types\/product"}],"wp:attachment":[{"href":"https:\/\/games.tactic.net\/no\/wp-json\/wp\/v2\/media?parent=698237"}],"wp:term":[{"taxonomy":"product_brand","embeddable":true,"href":"https:\/\/games.tactic.net\/no\/wp-json\/wp\/v2\/product_brand?post=698237"},{"taxonomy":"product_cat","embeddable":true,"href":"https:\/\/games.tactic.net\/no\/wp-json\/wp\/v2\/product_cat?post=698237"},{"taxonomy":"product_tag","embeddable":true,"href":"https:\/\/games.tactic.net\/no\/wp-json\/wp\/v2\/product_tag?post=698237"},{"taxonomy":"brand","embeddable":true,"href":"https:\/\/games.tactic.net\/no\/wp-json\/wp\/v2\/brand?post=698237"},{"taxonomy":"target-group","embeddable":true,"href":"https:\/\/games.tactic.net\/no\/wp-json\/wp\/v2\/target-group?post=698237"},{"taxonomy":"discontinued","embeddable":true,"href":"https:\/\/games.tactic.net\/no\/wp-json\/wp\/v2\/discontinued?post=698237"}],"curies":[{"name":"wp","href":"https:\/\/api.w.org\/{rel}","templated":true}]}}