{"id":698109,"date":"2023-01-17T08:10:09","date_gmt":"2023-01-17T06:10:09","guid":{"rendered":"http:\/\/games.tactic.net\/tuote\/activity-book-mine-forste-labyrinter\/"},"modified":"2024-01-23T11:09:10","modified_gmt":"2024-01-23T09:09:10","slug":"activity-book-mine-forste-labyrinter","status":"publish","type":"product","link":"https:\/\/games.tactic.net\/no\/tuote\/activity-book-mine-forste-labyrinter\/","title":{"rendered":"Mine f\u00f8rste labyrinter aktivitetsbok"},"content":{"rendered":"<p>De enkle labyrintene er laget slik at de styrker barnets evne til \u00e5 tenke visuelt og til \u00e5 f\u00f8re en blyant. P\u00e5 hver side er det ogs\u00e5 sp\u00f8rsm\u00e5l som gj\u00f8r l\u00e6ringen ekstra morsom.<\/p>\n","protected":false},"excerpt":{"rendered":"<p>De enkle labyrintene er laget slik at de styrker barnets evne til \u00e5 tenke visuelt og til \u00e5 f\u00f8re en blyant. P\u00e5 hver side er det ogs\u00e5 sp\u00f8rsm\u00e5l som gj\u00f8r l\u00e6ringen ekstra morsom.<\/p>\n","protected":false},"featured_media":0,"template":"","meta":{"content-type":"","_monsterinsights_skip_tracking":false,"_monsterinsights_sitenote_active":false,"_monsterinsights_sitenote_note":"","_monsterinsights_sitenote_category":0},"product_brand":[],"product_cat":[2026],"product_tag":[],"brand":[],"target-group":[],"discontinued":[],"class_list":{"0":"post-698109","1":"product","2":"type-product","3":"status-publish","5":"product_cat-aktivitetsboker","7":"first","8":"outofstock","9":"taxable","10":"shipping-taxable","11":"product-type-simple"},"aioseo_notices":[],"_links":{"self":[{"href":"https:\/\/games.tactic.net\/no\/wp-json\/wp\/v2\/product\/698109","targetHints":{"allow":["GET"]}}],"collection":[{"href":"https:\/\/games.tactic.net\/no\/wp-json\/wp\/v2\/product"}],"about":[{"href":"https:\/\/games.tactic.net\/no\/wp-json\/wp\/v2\/types\/product"}],"wp:attachment":[{"href":"https:\/\/games.tactic.net\/no\/wp-json\/wp\/v2\/media?parent=698109"}],"wp:term":[{"taxonomy":"product_brand","embeddable":true,"href":"https:\/\/games.tactic.net\/no\/wp-json\/wp\/v2\/product_brand?post=698109"},{"taxonomy":"product_cat","embeddable":true,"href":"https:\/\/games.tactic.net\/no\/wp-json\/wp\/v2\/product_cat?post=698109"},{"taxonomy":"product_tag","embeddable":true,"href":"https:\/\/games.tactic.net\/no\/wp-json\/wp\/v2\/product_tag?post=698109"},{"taxonomy":"brand","embeddable":true,"href":"https:\/\/games.tactic.net\/no\/wp-json\/wp\/v2\/brand?post=698109"},{"taxonomy":"target-group","embeddable":true,"href":"https:\/\/games.tactic.net\/no\/wp-json\/wp\/v2\/target-group?post=698109"},{"taxonomy":"discontinued","embeddable":true,"href":"https:\/\/games.tactic.net\/no\/wp-json\/wp\/v2\/discontinued?post=698109"}],"curies":[{"name":"wp","href":"https:\/\/api.w.org\/{rel}","templated":true}]}}