{"id":695744,"date":"2023-01-11T09:47:17","date_gmt":"2023-01-11T07:47:17","guid":{"rendered":"http:\/\/games.tactic.net\/tuote\/vi-laerer-oss-dyrevenner\/"},"modified":"2024-01-11T12:53:06","modified_gmt":"2024-01-11T10:53:06","slug":"vi-laerer-oss-dyrevenner","status":"publish","type":"product","link":"https:\/\/games.tactic.net\/no\/tuote\/vi-laerer-oss-dyrevenner\/","title":{"rendered":"Vi l\u00e6rer oss Dyrevenner"},"content":{"rendered":"<p>Finn delene for \u00e5 lage alle dyrene! Del de to forskjellige typene deler p\u00e5 bordet, stokk dem og ta tur for \u00e5 finne de to delene av hvert dyr. Hver gang du finner en kanin, hopper kaninfiguren i tre til deg \u2013 og hjelper deg kanskje med \u00e5 vinne! &#8211; Et hukommelsesspill som ogs\u00e5 fremmer finmotorikken. &#8211; Inkluderer en bed\u00e5rende kanin i tre. &#8211; Tilpass spillet til spillernes evner!<\/p>\n","protected":false},"excerpt":{"rendered":"<p>Finn delene for \u00e5 lage alle dyrene! Del de to forskjellige typene deler p\u00e5 bordet, stokk dem og ta tur for \u00e5 finne de to delene av hvert dyr. Hver gang du finner en kanin, hopper kaninfiguren i tre til deg \u2013 og hjelper deg kanskje med \u00e5 vinne<\/p>\n","protected":false},"featured_media":0,"template":"","meta":{"content-type":"","_monsterinsights_skip_tracking":false,"_monsterinsights_sitenote_active":false,"_monsterinsights_sitenote_note":"","_monsterinsights_sitenote_category":0},"product_brand":[],"product_cat":[1663],"product_tag":[344,388],"brand":[{"id":861,"name":"Let's Learn","slug":"letslearn-no"}],"target-group":[],"discontinued":[],"class_list":{"0":"post-695744","1":"product","2":"type-product","3":"status-publish","5":"product_cat-laerespill","6":"product_tag-kombinere","7":"product_tag-pedagogisk","8":"brand-letslearn-no","10":"first","11":"instock","12":"taxable","13":"shipping-taxable","14":"product-type-simple"},"aioseo_notices":[],"_links":{"self":[{"href":"https:\/\/games.tactic.net\/no\/wp-json\/wp\/v2\/product\/695744","targetHints":{"allow":["GET"]}}],"collection":[{"href":"https:\/\/games.tactic.net\/no\/wp-json\/wp\/v2\/product"}],"about":[{"href":"https:\/\/games.tactic.net\/no\/wp-json\/wp\/v2\/types\/product"}],"wp:attachment":[{"href":"https:\/\/games.tactic.net\/no\/wp-json\/wp\/v2\/media?parent=695744"}],"wp:term":[{"taxonomy":"product_brand","embeddable":true,"href":"https:\/\/games.tactic.net\/no\/wp-json\/wp\/v2\/product_brand?post=695744"},{"taxonomy":"product_cat","embeddable":true,"href":"https:\/\/games.tactic.net\/no\/wp-json\/wp\/v2\/product_cat?post=695744"},{"taxonomy":"product_tag","embeddable":true,"href":"https:\/\/games.tactic.net\/no\/wp-json\/wp\/v2\/product_tag?post=695744"},{"taxonomy":"brand","embeddable":true,"href":"https:\/\/games.tactic.net\/no\/wp-json\/wp\/v2\/brand?post=695744"},{"taxonomy":"target-group","embeddable":true,"href":"https:\/\/games.tactic.net\/no\/wp-json\/wp\/v2\/target-group?post=695744"},{"taxonomy":"discontinued","embeddable":true,"href":"https:\/\/games.tactic.net\/no\/wp-json\/wp\/v2\/discontinued?post=695744"}],"curies":[{"name":"wp","href":"https:\/\/api.w.org\/{rel}","templated":true}]}}