{"id":695324,"date":"2023-01-10T09:29:28","date_gmt":"2023-01-10T07:29:28","guid":{"rendered":"http:\/\/games.tactic.net\/tuote\/mitt-forste-hoppespill-vannliljehopp\/"},"modified":"2024-01-11T12:51:25","modified_gmt":"2024-01-11T10:51:25","slug":"mitt-forste-hoppespill-vannliljehopp","status":"publish","type":"product","link":"https:\/\/games.tactic.net\/no\/tuote\/mitt-forste-hoppespill-vannliljehopp\/","title":{"rendered":"Mitt f\u00f8rste hoppespill vannliljehopp"},"content":{"rendered":"<p>Hopp p\u00e5 liljebladene! Det er p\u00e5 tide at sm\u00e5froskene kommer seg hjem, men f\u00f8rst m\u00e5 de over dammen. Hopp langs liljebladstien og trill terningen for \u00e5 se om du finner en overraskelse under liljebladet du st\u00e5r p\u00e5! &#8211; Et enkelt spill laget for de aller yngste spillerne. &#8211; Inkluderer 4 bed\u00e5rende trefigurer og en treterning. &#8211; Ingen plastdeler!<\/p>\n","protected":false},"excerpt":{"rendered":"<p>Hopp p\u00e5 liljebladene! Det er p\u00e5 tide at sm\u00e5froskene kommer seg hjem, men f\u00f8rst m\u00e5 de over dammen. Hopp langs liljebladstien og trill terningen for \u00e5 se om du finner en overraskelse under liljebladet du st\u00e5r p\u00e5<\/p>\n","protected":false},"featured_media":0,"template":"","meta":{"content-type":"","_monsterinsights_skip_tracking":false,"_monsterinsights_sitenote_active":false,"_monsterinsights_sitenote_note":"","_monsterinsights_sitenote_category":0},"product_brand":[],"product_cat":[1649],"product_tag":[358,1255,1267,969],"brand":[],"target-group":[],"discontinued":[],"class_list":{"0":"post-695324","1":"product","2":"type-product","3":"status-publish","5":"product_cat-barnespill-barnespill","6":"product_tag-beregning","7":"product_tag-pedagogisk-no","8":"product_tag-sammen-no","9":"product_tag-tidsfordriv-2","11":"first","12":"instock","13":"taxable","14":"shipping-taxable","15":"product-type-simple"},"aioseo_notices":[],"_links":{"self":[{"href":"https:\/\/games.tactic.net\/no\/wp-json\/wp\/v2\/product\/695324","targetHints":{"allow":["GET"]}}],"collection":[{"href":"https:\/\/games.tactic.net\/no\/wp-json\/wp\/v2\/product"}],"about":[{"href":"https:\/\/games.tactic.net\/no\/wp-json\/wp\/v2\/types\/product"}],"wp:attachment":[{"href":"https:\/\/games.tactic.net\/no\/wp-json\/wp\/v2\/media?parent=695324"}],"wp:term":[{"taxonomy":"product_brand","embeddable":true,"href":"https:\/\/games.tactic.net\/no\/wp-json\/wp\/v2\/product_brand?post=695324"},{"taxonomy":"product_cat","embeddable":true,"href":"https:\/\/games.tactic.net\/no\/wp-json\/wp\/v2\/product_cat?post=695324"},{"taxonomy":"product_tag","embeddable":true,"href":"https:\/\/games.tactic.net\/no\/wp-json\/wp\/v2\/product_tag?post=695324"},{"taxonomy":"brand","embeddable":true,"href":"https:\/\/games.tactic.net\/no\/wp-json\/wp\/v2\/brand?post=695324"},{"taxonomy":"target-group","embeddable":true,"href":"https:\/\/games.tactic.net\/no\/wp-json\/wp\/v2\/target-group?post=695324"},{"taxonomy":"discontinued","embeddable":true,"href":"https:\/\/games.tactic.net\/no\/wp-json\/wp\/v2\/discontinued?post=695324"}],"curies":[{"name":"wp","href":"https:\/\/api.w.org\/{rel}","templated":true}]}}