{"id":691035,"date":"2023-01-02T10:31:29","date_gmt":"2023-01-02T08:31:29","guid":{"rendered":"http:\/\/games.tactic.net\/tuote\/min-forste-prikk-til-prikk\/"},"modified":"2024-01-23T11:12:54","modified_gmt":"2024-01-23T09:12:54","slug":"min-forste-prikk-til-prikk","status":"publish","type":"product","link":"https:\/\/games.tactic.net\/no\/tuote\/min-forste-prikk-til-prikk\/","title":{"rendered":"Min f\u00f8rste prikk til prikk"},"content":{"rendered":"<p>Dette er en aktivitetsbok, full av prikk oppgaver. Denne boken utvikler barnas visuelle ferdigheter og \u00f8ye- h\u00e5nd koordinasjon. P\u00e5 hver side finnes det ogs\u00e5 et sp\u00f8rsm\u00e5\u00f8 som gj\u00f8r l\u00e6ringen enda morsommere.<\/p>\n","protected":false},"excerpt":{"rendered":"<p>Dette er en aktivitetsbok, full av prikk oppgaver. Denne boken utvikler barnas visuelle ferdigheter og \u00f8ye- h\u00e5nd koordinasjon. P\u00e5 hver side finnes det ogs\u00e5 et sp\u00f8rsm\u00e5\u00f8 som gj\u00f8r l\u00e6ringen enda morsommere.<\/p>\n","protected":false},"featured_media":0,"template":"","meta":{"content-type":"","_monsterinsights_skip_tracking":false,"_monsterinsights_sitenote_active":false,"_monsterinsights_sitenote_note":"","_monsterinsights_sitenote_category":0},"product_brand":[],"product_cat":[2026],"product_tag":[],"brand":[],"target-group":[],"discontinued":[],"class_list":{"0":"post-691035","1":"product","2":"type-product","3":"status-publish","5":"product_cat-aktivitetsboker","7":"first","8":"instock","9":"taxable","10":"shipping-taxable","11":"product-type-simple"},"aioseo_notices":[],"_links":{"self":[{"href":"https:\/\/games.tactic.net\/no\/wp-json\/wp\/v2\/product\/691035","targetHints":{"allow":["GET"]}}],"collection":[{"href":"https:\/\/games.tactic.net\/no\/wp-json\/wp\/v2\/product"}],"about":[{"href":"https:\/\/games.tactic.net\/no\/wp-json\/wp\/v2\/types\/product"}],"wp:attachment":[{"href":"https:\/\/games.tactic.net\/no\/wp-json\/wp\/v2\/media?parent=691035"}],"wp:term":[{"taxonomy":"product_brand","embeddable":true,"href":"https:\/\/games.tactic.net\/no\/wp-json\/wp\/v2\/product_brand?post=691035"},{"taxonomy":"product_cat","embeddable":true,"href":"https:\/\/games.tactic.net\/no\/wp-json\/wp\/v2\/product_cat?post=691035"},{"taxonomy":"product_tag","embeddable":true,"href":"https:\/\/games.tactic.net\/no\/wp-json\/wp\/v2\/product_tag?post=691035"},{"taxonomy":"brand","embeddable":true,"href":"https:\/\/games.tactic.net\/no\/wp-json\/wp\/v2\/brand?post=691035"},{"taxonomy":"target-group","embeddable":true,"href":"https:\/\/games.tactic.net\/no\/wp-json\/wp\/v2\/target-group?post=691035"},{"taxonomy":"discontinued","embeddable":true,"href":"https:\/\/games.tactic.net\/no\/wp-json\/wp\/v2\/discontinued?post=691035"}],"curies":[{"name":"wp","href":"https:\/\/api.w.org\/{rel}","templated":true}]}}