{"id":691016,"date":"2022-12-30T11:31:56","date_gmt":"2022-12-30T09:31:56","guid":{"rendered":"http:\/\/games.tactic.net\/tuote\/mitt-forste-fargespill-fargelegg-kamelonen\/"},"modified":"2024-01-11T12:51:02","modified_gmt":"2024-01-11T10:51:02","slug":"mitt-forste-fargespill-fargelegg-kamelonen","status":"publish","type":"product","link":"https:\/\/games.tactic.net\/no\/tuote\/mitt-forste-fargespill-fargelegg-kamelonen\/","title":{"rendered":"Mitt f\u00f8rste fargespill fargelegg kamelonen"},"content":{"rendered":"<p>Hjelp kameleonene med \u00e5 finne fargene sine! Disse kameleonene har sovet litt for lenge, for n\u00e5 har de mistet fargene sine. Trill terningen, flytt p\u00e5 spillbrettet, og pr\u00f8v \u00e5 finne de riktige fargene for \u00e5 f\u00e5 kameleonen din til \u00e5 skinne igjen! Et enkelt spill laget for de aller yngste spillerne. Leveres med store trebrikker og en treterning. Ingen plastdeler!<\/p>\n","protected":false},"excerpt":{"rendered":"<p>Hjelp kameleonene med \u00e5 finne fargene sine! Disse kameleonene har sovet litt for lenge, for n\u00e5 har de mistet fargene sine. Trill terningen, flytt p\u00e5 spillbrettet, og pr\u00f8v \u00e5 finne de riktige fargene for \u00e5 f\u00e5 kameleonen din til \u00e5 skinne igjen!<\/p>\n","protected":false},"featured_media":0,"template":"","meta":{"content-type":"","_monsterinsights_skip_tracking":false,"_monsterinsights_sitenote_active":false,"_monsterinsights_sitenote_note":"","_monsterinsights_sitenote_category":0},"product_brand":[],"product_cat":[1649],"product_tag":[358,344,388,994,969],"brand":[],"target-group":[],"discontinued":[],"class_list":{"0":"post-691016","1":"product","2":"type-product","3":"status-publish","5":"product_cat-barnespill-barnespill","6":"product_tag-beregning","7":"product_tag-kombinere","8":"product_tag-pedagogisk","9":"product_tag-sammen","10":"product_tag-tidsfordriv-2","12":"first","13":"instock","14":"taxable","15":"shipping-taxable","16":"product-type-simple"},"aioseo_notices":[],"_links":{"self":[{"href":"https:\/\/games.tactic.net\/no\/wp-json\/wp\/v2\/product\/691016","targetHints":{"allow":["GET"]}}],"collection":[{"href":"https:\/\/games.tactic.net\/no\/wp-json\/wp\/v2\/product"}],"about":[{"href":"https:\/\/games.tactic.net\/no\/wp-json\/wp\/v2\/types\/product"}],"wp:attachment":[{"href":"https:\/\/games.tactic.net\/no\/wp-json\/wp\/v2\/media?parent=691016"}],"wp:term":[{"taxonomy":"product_brand","embeddable":true,"href":"https:\/\/games.tactic.net\/no\/wp-json\/wp\/v2\/product_brand?post=691016"},{"taxonomy":"product_cat","embeddable":true,"href":"https:\/\/games.tactic.net\/no\/wp-json\/wp\/v2\/product_cat?post=691016"},{"taxonomy":"product_tag","embeddable":true,"href":"https:\/\/games.tactic.net\/no\/wp-json\/wp\/v2\/product_tag?post=691016"},{"taxonomy":"brand","embeddable":true,"href":"https:\/\/games.tactic.net\/no\/wp-json\/wp\/v2\/brand?post=691016"},{"taxonomy":"target-group","embeddable":true,"href":"https:\/\/games.tactic.net\/no\/wp-json\/wp\/v2\/target-group?post=691016"},{"taxonomy":"discontinued","embeddable":true,"href":"https:\/\/games.tactic.net\/no\/wp-json\/wp\/v2\/discontinued?post=691016"}],"curies":[{"name":"wp","href":"https:\/\/api.w.org\/{rel}","templated":true}]}}