{"id":690770,"date":"2022-12-30T11:28:15","date_gmt":"2022-12-30T09:28:15","guid":{"rendered":"http:\/\/games.tactic.net\/tuote\/my-first-puzzle-play-fox-in-the-forest\/"},"modified":"2023-10-19T14:55:35","modified_gmt":"2023-10-19T11:55:35","slug":"my-first-puzzle-play-fox-in-the-forest","status":"publish","type":"product","link":"https:\/\/games.tactic.net\/no\/tuote\/my-first-puzzle-play-fox-in-the-forest\/","title":{"rendered":"My First Puzzle &#038; Play Fox in the Forest"},"content":{"rendered":"<p>Skap en liten verden for fantasifullt spill! Sett sammen de store delene for \u00e5 skape en liten verden full av detaljer. Bruk deretter elementene som f\u00f8lger med produktet, og ta med favorittlekene dine for ubegrenset moro. &#8211; Inkluderer 1 trefigur, 16 pappkarakterer og 16 spillbrikker! &#8211; Skaff alle tre Puzzle &#038; Play-produkter for \u00e5 bygge en enda st\u00f8rre verden \u00e5 spille i.<\/p>\n","protected":false},"excerpt":{"rendered":"<p>Skap en liten verden for fantasifullt spill! Sett sammen de store delene for \u00e5 skape en liten verden full av detaljer. Bruk deretter elementene som f\u00f8lger med produktet, og ta med favorittlekene dine for ubegrenset moro.<\/p>\n","protected":false},"featured_media":0,"template":"","meta":{"content-type":"","_monsterinsights_skip_tracking":false,"_monsterinsights_sitenote_active":false,"_monsterinsights_sitenote_note":"","_monsterinsights_sitenote_category":0},"product_brand":[],"product_cat":[1652],"product_tag":[358,1255,1267,969],"brand":[],"target-group":[],"discontinued":[],"class_list":{"0":"post-690770","1":"product","2":"type-product","3":"status-publish","5":"product_cat-barnepuslespill","6":"product_tag-beregning","7":"product_tag-pedagogisk-no","8":"product_tag-sammen-no","9":"product_tag-tidsfordriv-2","11":"first","12":"instock","13":"taxable","14":"shipping-taxable","15":"product-type-simple"},"aioseo_notices":[],"_links":{"self":[{"href":"https:\/\/games.tactic.net\/no\/wp-json\/wp\/v2\/product\/690770","targetHints":{"allow":["GET"]}}],"collection":[{"href":"https:\/\/games.tactic.net\/no\/wp-json\/wp\/v2\/product"}],"about":[{"href":"https:\/\/games.tactic.net\/no\/wp-json\/wp\/v2\/types\/product"}],"wp:attachment":[{"href":"https:\/\/games.tactic.net\/no\/wp-json\/wp\/v2\/media?parent=690770"}],"wp:term":[{"taxonomy":"product_brand","embeddable":true,"href":"https:\/\/games.tactic.net\/no\/wp-json\/wp\/v2\/product_brand?post=690770"},{"taxonomy":"product_cat","embeddable":true,"href":"https:\/\/games.tactic.net\/no\/wp-json\/wp\/v2\/product_cat?post=690770"},{"taxonomy":"product_tag","embeddable":true,"href":"https:\/\/games.tactic.net\/no\/wp-json\/wp\/v2\/product_tag?post=690770"},{"taxonomy":"brand","embeddable":true,"href":"https:\/\/games.tactic.net\/no\/wp-json\/wp\/v2\/brand?post=690770"},{"taxonomy":"target-group","embeddable":true,"href":"https:\/\/games.tactic.net\/no\/wp-json\/wp\/v2\/target-group?post=690770"},{"taxonomy":"discontinued","embeddable":true,"href":"https:\/\/games.tactic.net\/no\/wp-json\/wp\/v2\/discontinued?post=690770"}],"curies":[{"name":"wp","href":"https:\/\/api.w.org\/{rel}","templated":true}]}}