{"id":690129,"date":"2022-12-28T09:05:09","date_gmt":"2022-12-28T07:05:09","guid":{"rendered":"http:\/\/games.tactic.net\/tuote\/travel-seek-find-farm\/"},"modified":"2024-01-11T12:52:08","modified_gmt":"2024-01-11T10:52:08","slug":"travel-seek-find-farm","status":"publish","type":"product","link":"https:\/\/games.tactic.net\/no\/tuote\/travel-seek-find-farm\/","title":{"rendered":"S\u00f8k og Finn Bondeg\u00e5rd reisespill"},"content":{"rendered":"<p>Finner du alle dyrene som skjuler seg p\u00e5 spillbrettet? Spillbrettet er fullt av alle typer kryp, men klarer du \u00e5 finne dem f\u00f8r alle de andre spillerne? Spillbrettet endrer seg for hvert spill! Dobbeltsidig spillbrett \u2013 med to vanskelighetsniv\u00e5er. Kompakt reisest\u00f8rrelse!<\/p>\n","protected":false},"excerpt":{"rendered":"<p>Finner du alle dyrene som skjuler seg p\u00e5 spillbrettet? Spillbrettet er fullt av alle typer kryp, men klarer du \u00e5 finne dem f\u00f8r alle de andre spillerne?<\/p>\n","protected":false},"featured_media":0,"template":"","meta":{"content-type":"","_monsterinsights_skip_tracking":false,"_monsterinsights_sitenote_active":false,"_monsterinsights_sitenote_note":"","_monsterinsights_sitenote_category":0},"product_brand":[],"product_cat":[1608],"product_tag":[],"brand":[],"target-group":[],"discontinued":[],"class_list":{"0":"post-690129","1":"product","2":"type-product","3":"status-publish","5":"product_cat-reisespill-barnespill","7":"first","8":"instock","9":"taxable","10":"shipping-taxable","11":"product-type-simple"},"aioseo_notices":[],"_links":{"self":[{"href":"https:\/\/games.tactic.net\/no\/wp-json\/wp\/v2\/product\/690129","targetHints":{"allow":["GET"]}}],"collection":[{"href":"https:\/\/games.tactic.net\/no\/wp-json\/wp\/v2\/product"}],"about":[{"href":"https:\/\/games.tactic.net\/no\/wp-json\/wp\/v2\/types\/product"}],"wp:attachment":[{"href":"https:\/\/games.tactic.net\/no\/wp-json\/wp\/v2\/media?parent=690129"}],"wp:term":[{"taxonomy":"product_brand","embeddable":true,"href":"https:\/\/games.tactic.net\/no\/wp-json\/wp\/v2\/product_brand?post=690129"},{"taxonomy":"product_cat","embeddable":true,"href":"https:\/\/games.tactic.net\/no\/wp-json\/wp\/v2\/product_cat?post=690129"},{"taxonomy":"product_tag","embeddable":true,"href":"https:\/\/games.tactic.net\/no\/wp-json\/wp\/v2\/product_tag?post=690129"},{"taxonomy":"brand","embeddable":true,"href":"https:\/\/games.tactic.net\/no\/wp-json\/wp\/v2\/brand?post=690129"},{"taxonomy":"target-group","embeddable":true,"href":"https:\/\/games.tactic.net\/no\/wp-json\/wp\/v2\/target-group?post=690129"},{"taxonomy":"discontinued","embeddable":true,"href":"https:\/\/games.tactic.net\/no\/wp-json\/wp\/v2\/discontinued?post=690129"}],"curies":[{"name":"wp","href":"https:\/\/api.w.org\/{rel}","templated":true}]}}