{"id":689699,"date":"2022-12-23T08:57:32","date_gmt":"2022-12-23T06:57:32","guid":{"rendered":"http:\/\/games.tactic.net\/tuote\/reisespill-ord-bingo\/"},"modified":"2024-01-11T12:58:15","modified_gmt":"2024-01-11T10:58:15","slug":"reisespill-ord-bingo","status":"publish","type":"product","link":"https:\/\/games.tactic.net\/no\/tuote\/reisespill-ord-bingo\/","title":{"rendered":"Travel Ord Bingo"},"content":{"rendered":"<p>Dette er bingo med en vri! Finn frem til ord som starter med bokstavene p\u00e5 brettet og som passer emnene, f\u00f8r sanden renner ut. Spesialkortene endrer spillereglene n\u00e5r du minst venter det! Kjent bingo med en ordvri! Kompakt reisest\u00f8rrelse!<\/p>\n","protected":false},"excerpt":{"rendered":"<p>Dette er bingo med en vri! Finn frem til ord som starter med bokstavene p\u00e5 brettet og som passer emnene, f\u00f8r sanden renner ut. Spesialkortene endrer spillereglene n\u00e5r du minst venter det! Kjent bingo med en ordvri! Kompakt reisest\u00f8rrelse!<\/p>\n","protected":false},"featured_media":0,"template":"","meta":{"content-type":"","_monsterinsights_skip_tracking":false,"_monsterinsights_sitenote_active":false,"_monsterinsights_sitenote_note":"","_monsterinsights_sitenote_category":0},"product_brand":[],"product_cat":[1587],"product_tag":[],"brand":[],"target-group":[],"discontinued":[],"class_list":{"0":"post-689699","1":"product","2":"type-product","3":"status-publish","5":"product_cat-reisespill-familiespill","7":"first","8":"instock","9":"taxable","10":"shipping-taxable","11":"product-type-simple"},"aioseo_notices":[],"_links":{"self":[{"href":"https:\/\/games.tactic.net\/no\/wp-json\/wp\/v2\/product\/689699","targetHints":{"allow":["GET"]}}],"collection":[{"href":"https:\/\/games.tactic.net\/no\/wp-json\/wp\/v2\/product"}],"about":[{"href":"https:\/\/games.tactic.net\/no\/wp-json\/wp\/v2\/types\/product"}],"wp:attachment":[{"href":"https:\/\/games.tactic.net\/no\/wp-json\/wp\/v2\/media?parent=689699"}],"wp:term":[{"taxonomy":"product_brand","embeddable":true,"href":"https:\/\/games.tactic.net\/no\/wp-json\/wp\/v2\/product_brand?post=689699"},{"taxonomy":"product_cat","embeddable":true,"href":"https:\/\/games.tactic.net\/no\/wp-json\/wp\/v2\/product_cat?post=689699"},{"taxonomy":"product_tag","embeddable":true,"href":"https:\/\/games.tactic.net\/no\/wp-json\/wp\/v2\/product_tag?post=689699"},{"taxonomy":"brand","embeddable":true,"href":"https:\/\/games.tactic.net\/no\/wp-json\/wp\/v2\/brand?post=689699"},{"taxonomy":"target-group","embeddable":true,"href":"https:\/\/games.tactic.net\/no\/wp-json\/wp\/v2\/target-group?post=689699"},{"taxonomy":"discontinued","embeddable":true,"href":"https:\/\/games.tactic.net\/no\/wp-json\/wp\/v2\/discontinued?post=689699"}],"curies":[{"name":"wp","href":"https:\/\/api.w.org\/{rel}","templated":true}]}}