{"id":684773,"date":"2022-12-13T16:38:57","date_gmt":"2022-12-13T14:38:57","guid":{"rendered":"http:\/\/games.tactic.net\/tuote\/reisespill-midt-pa-treet\/"},"modified":"2024-01-11T12:57:30","modified_gmt":"2024-01-11T10:57:30","slug":"reisespill-midt-pa-treet","status":"publish","type":"product","link":"https:\/\/games.tactic.net\/no\/tuote\/reisespill-midt-pa-treet\/","title":{"rendered":"Midt p\u00e5 treet reisespill"},"content":{"rendered":"<p>Hvem sier at gjennomsnittet er kjedelig? For \u00e5 vinne dette spillet m\u00e5 du holde deg midt i veien. I Midt p\u00e5 treet konkurrerer spillerne om hvilke svar som er mest konsekvent gjennomsnittlige. &#8211; En annen type faktaspill! &#8211; Kompakt reisest\u00f8rrelse!<\/p>\n","protected":false},"excerpt":{"rendered":"<p>Hvem sier at gjennomsnittet er kjedelig? For \u00e5 vinne dette spillet m\u00e5 du holde deg midt i veien. I Midt p\u00e5 treet konkurrerer spillerne om hvilke svar som er mest konsekvent gjennomsnittlige.<\/p>\n","protected":false},"featured_media":0,"template":"","meta":{"content-type":"","_monsterinsights_skip_tracking":false,"_monsterinsights_sitenote_active":false,"_monsterinsights_sitenote_note":"","_monsterinsights_sitenote_category":0},"product_brand":[],"product_cat":[1587],"product_tag":[],"brand":[],"target-group":[],"discontinued":[],"class_list":{"0":"post-684773","1":"product","2":"type-product","3":"status-publish","5":"product_cat-reisespill-familiespill","7":"first","8":"instock","9":"taxable","10":"shipping-taxable","11":"product-type-simple"},"aioseo_notices":[],"_links":{"self":[{"href":"https:\/\/games.tactic.net\/no\/wp-json\/wp\/v2\/product\/684773","targetHints":{"allow":["GET"]}}],"collection":[{"href":"https:\/\/games.tactic.net\/no\/wp-json\/wp\/v2\/product"}],"about":[{"href":"https:\/\/games.tactic.net\/no\/wp-json\/wp\/v2\/types\/product"}],"wp:attachment":[{"href":"https:\/\/games.tactic.net\/no\/wp-json\/wp\/v2\/media?parent=684773"}],"wp:term":[{"taxonomy":"product_brand","embeddable":true,"href":"https:\/\/games.tactic.net\/no\/wp-json\/wp\/v2\/product_brand?post=684773"},{"taxonomy":"product_cat","embeddable":true,"href":"https:\/\/games.tactic.net\/no\/wp-json\/wp\/v2\/product_cat?post=684773"},{"taxonomy":"product_tag","embeddable":true,"href":"https:\/\/games.tactic.net\/no\/wp-json\/wp\/v2\/product_tag?post=684773"},{"taxonomy":"brand","embeddable":true,"href":"https:\/\/games.tactic.net\/no\/wp-json\/wp\/v2\/brand?post=684773"},{"taxonomy":"target-group","embeddable":true,"href":"https:\/\/games.tactic.net\/no\/wp-json\/wp\/v2\/target-group?post=684773"},{"taxonomy":"discontinued","embeddable":true,"href":"https:\/\/games.tactic.net\/no\/wp-json\/wp\/v2\/discontinued?post=684773"}],"curies":[{"name":"wp","href":"https:\/\/api.w.org\/{rel}","templated":true}]}}