{"id":68391,"date":"2021-02-17T10:53:47","date_gmt":"2021-02-17T08:53:47","guid":{"rendered":"https:\/\/dev.tactic.net\/tuote\/15-minutes-to-self-destruct\/"},"modified":"2023-10-25T14:04:19","modified_gmt":"2023-10-25T11:04:19","slug":"15-minutes-to-self-destruct","status":"publish","type":"product","link":"https:\/\/games.tactic.net\/no\/tuote\/15-minutes-to-self-destruct\/","title":{"rendered":"15 Minutes to Self-Destruct"},"content":{"rendered":"<p>En asteroide har skadet romskipet, s\u00e5 n\u00e5 er datamaskinen i selvdestrueringsmodus. Dere har 15 minutter til \u00e5 sl\u00e5 av alle de r\u00f8de bryterne f\u00f8r romskipet eksploderer! Samarbeid med andre spillere i en spennende kamp mot tiden.<br \/>\nPasser perfekt for lagspill.<br \/>\nMed hjelp av app blir spillet ekstra spennende.<\/p>\n<p><img decoding=\"async\" src=\"https:\\\\\\\\games.tactic.net\\\\pic\\\\logo\\\\UK_2020_Toy_Fair_HeroToys_.png\"><\/p>\n","protected":false},"excerpt":{"rendered":"<p>En asteroide har skadet romskipet, s\u00e5 n\u00e5 er datamaskinen i selvdestrueringsmodus. Dere har 15 minutter til \u00e5 sl\u00e5 av alle de r\u00f8de bryterne f\u00f8r romskipet eksploderer! Samarbeid med andre spillere i en spennende kamp mot tiden.<\/p>\n","protected":false},"featured_media":0,"template":"","meta":{"content-type":"","_monsterinsights_skip_tracking":false,"_monsterinsights_sitenote_active":false,"_monsterinsights_sitenote_note":"","_monsterinsights_sitenote_category":0},"product_brand":[],"product_cat":[1457,1456],"product_tag":[1221],"brand":[{"id":884,"name":"Gamestorm Studio","slug":"gametormstudio"}],"target-group":[],"discontinued":[],"class_list":{"0":"post-68391","1":"product","2":"type-product","3":"status-publish","5":"product_cat-strategispill-voksenspill","6":"product_cat-strategispill-familiespill","7":"product_tag-funksjon-no","8":"brand-gametormstudio","10":"first","11":"instock","12":"taxable","13":"shipping-taxable","14":"product-type-simple"},"aioseo_notices":[],"_links":{"self":[{"href":"https:\/\/games.tactic.net\/no\/wp-json\/wp\/v2\/product\/68391","targetHints":{"allow":["GET"]}}],"collection":[{"href":"https:\/\/games.tactic.net\/no\/wp-json\/wp\/v2\/product"}],"about":[{"href":"https:\/\/games.tactic.net\/no\/wp-json\/wp\/v2\/types\/product"}],"wp:attachment":[{"href":"https:\/\/games.tactic.net\/no\/wp-json\/wp\/v2\/media?parent=68391"}],"wp:term":[{"taxonomy":"product_brand","embeddable":true,"href":"https:\/\/games.tactic.net\/no\/wp-json\/wp\/v2\/product_brand?post=68391"},{"taxonomy":"product_cat","embeddable":true,"href":"https:\/\/games.tactic.net\/no\/wp-json\/wp\/v2\/product_cat?post=68391"},{"taxonomy":"product_tag","embeddable":true,"href":"https:\/\/games.tactic.net\/no\/wp-json\/wp\/v2\/product_tag?post=68391"},{"taxonomy":"brand","embeddable":true,"href":"https:\/\/games.tactic.net\/no\/wp-json\/wp\/v2\/brand?post=68391"},{"taxonomy":"target-group","embeddable":true,"href":"https:\/\/games.tactic.net\/no\/wp-json\/wp\/v2\/target-group?post=68391"},{"taxonomy":"discontinued","embeddable":true,"href":"https:\/\/games.tactic.net\/no\/wp-json\/wp\/v2\/discontinued?post=68391"}],"curies":[{"name":"wp","href":"https:\/\/api.w.org\/{rel}","templated":true}]}}