{"id":683761,"date":"2022-12-12T12:11:53","date_gmt":"2022-12-12T10:11:53","guid":{"rendered":"http:\/\/games.tactic.net\/tuote\/dinosaur-kimble\/"},"modified":"2024-01-11T12:48:41","modified_gmt":"2024-01-11T10:48:41","slug":"dinosaur-kimble","status":"publish","type":"product","link":"https:\/\/games.tactic.net\/no\/tuote\/dinosaur-kimble\/","title":{"rendered":"Dinosaur Kimble"},"content":{"rendered":"<p>Gj\u00f8r deg klar til dinosaurkappl\u00f8p! Ras rundt spillbrettet mens du flytter alle fire brikkene mot m\u00e5let \u2013 men se opp for de andre spillerne som vil pr\u00f8ve \u00e5 hindre deg\u2026 &#8211; Et klassisk familiespill med masse spenning! &#8211; Inkluderer et solid spillebrett av plast og en morsom poppende terning.<\/p>\n","protected":false},"excerpt":{"rendered":"<p>Gj\u00f8r deg klar til dinosaurkappl\u00f8p! Ras rundt spillbrettet mens du flytter alle fire brikkene mot m\u00e5let \u2013 men se opp for de andre spillerne som vil pr\u00f8ve \u00e5 hindre deg\u2026 &#8211; Et klassisk familiespill med masse spenning! &#8211; Inkluderer et solid spillebrett av plast og en morsom poppende terning.<\/p>\n","protected":false},"featured_media":0,"template":"","meta":{"content-type":"","_monsterinsights_skip_tracking":false,"_monsterinsights_sitenote_active":false,"_monsterinsights_sitenote_note":"","_monsterinsights_sitenote_category":0},"product_brand":[],"product_cat":[1649],"product_tag":[1003,1239,974],"brand":[{"id":1338,"name":"Kimble","slug":"kimble-5"}],"target-group":[],"discontinued":[],"class_list":{"0":"post-683761","1":"product","2":"type-product","3":"status-publish","5":"product_cat-barnespill-barnespill","6":"product_tag-hell","7":"product_tag-strategi-no","8":"product_tag-taktikk","9":"brand-kimble-5","11":"first","12":"instock","13":"taxable","14":"shipping-taxable","15":"product-type-simple"},"aioseo_notices":[],"_links":{"self":[{"href":"https:\/\/games.tactic.net\/no\/wp-json\/wp\/v2\/product\/683761","targetHints":{"allow":["GET"]}}],"collection":[{"href":"https:\/\/games.tactic.net\/no\/wp-json\/wp\/v2\/product"}],"about":[{"href":"https:\/\/games.tactic.net\/no\/wp-json\/wp\/v2\/types\/product"}],"wp:attachment":[{"href":"https:\/\/games.tactic.net\/no\/wp-json\/wp\/v2\/media?parent=683761"}],"wp:term":[{"taxonomy":"product_brand","embeddable":true,"href":"https:\/\/games.tactic.net\/no\/wp-json\/wp\/v2\/product_brand?post=683761"},{"taxonomy":"product_cat","embeddable":true,"href":"https:\/\/games.tactic.net\/no\/wp-json\/wp\/v2\/product_cat?post=683761"},{"taxonomy":"product_tag","embeddable":true,"href":"https:\/\/games.tactic.net\/no\/wp-json\/wp\/v2\/product_tag?post=683761"},{"taxonomy":"brand","embeddable":true,"href":"https:\/\/games.tactic.net\/no\/wp-json\/wp\/v2\/brand?post=683761"},{"taxonomy":"target-group","embeddable":true,"href":"https:\/\/games.tactic.net\/no\/wp-json\/wp\/v2\/target-group?post=683761"},{"taxonomy":"discontinued","embeddable":true,"href":"https:\/\/games.tactic.net\/no\/wp-json\/wp\/v2\/discontinued?post=683761"}],"curies":[{"name":"wp","href":"https:\/\/api.w.org\/{rel}","templated":true}]}}