{"id":68375,"date":"2021-02-17T10:49:09","date_gmt":"2021-02-17T08:49:09","guid":{"rendered":"https:\/\/dev.tactic.net\/tuote\/hack-my-password\/"},"modified":"2025-03-11T15:49:28","modified_gmt":"2025-03-11T13:49:28","slug":"hack-my-password","status":"archive","type":"product","link":"https:\/\/games.tactic.net\/no\/tuote\/hack-my-password\/","title":{"rendered":"Hack My Password"},"content":{"rendered":"<p>G\u00e5 inn i rollen som hacker. Pr\u00f8v \u00e5 bryte gjennom motspillernes brannmur og knekke passordet f\u00f8r de klarer \u00e5 hacke deg! Vinneren er den som f\u00f8rst hacker motspillerens passord eller n\u00e5r m\u00e5llinjen!<br \/>\nVanskelighetsgraden kan justeres.<br \/>\nPasser ypperlig for lagspill.<br \/>\nKule brannmur-konstruksjoner.<\/p>\n","protected":false},"excerpt":{"rendered":"<p>G\u00e5 inn i rollen som hacker. Pr\u00f8v \u00e5 bryte gjennom motspillernes brannmur og knekke passordet f\u00f8r de klarer \u00e5 hacke deg! Vinneren er den som f\u00f8rst hacker motspillerens passord eller n\u00e5r m\u00e5llinjen!<\/p>\n","protected":false},"featured_media":0,"template":"","meta":{"content-type":"","_monsterinsights_skip_tracking":false,"_monsterinsights_sitenote_active":false,"_monsterinsights_sitenote_note":"","_monsterinsights_sitenote_category":0},"product_brand":[],"product_cat":[1456,971],"product_tag":[1233,1274],"brand":[{"id":884,"name":"Gamestorm Studio","slug":"gametormstudio"}],"target-group":[],"discontinued":[],"class_list":{"0":"post-68375","1":"product","2":"type-product","3":"status-archive","5":"product_cat-strategispill-familiespill","6":"product_cat-strategispill","7":"product_tag-kombinere-no","8":"product_tag-kunnskap","9":"brand-gametormstudio","11":"first","12":"outofstock","13":"taxable","14":"shipping-taxable","15":"product-type-simple"},"aioseo_notices":[],"_links":{"self":[{"href":"https:\/\/games.tactic.net\/no\/wp-json\/wp\/v2\/product\/68375","targetHints":{"allow":["GET"]}}],"collection":[{"href":"https:\/\/games.tactic.net\/no\/wp-json\/wp\/v2\/product"}],"about":[{"href":"https:\/\/games.tactic.net\/no\/wp-json\/wp\/v2\/types\/product"}],"wp:attachment":[{"href":"https:\/\/games.tactic.net\/no\/wp-json\/wp\/v2\/media?parent=68375"}],"wp:term":[{"taxonomy":"product_brand","embeddable":true,"href":"https:\/\/games.tactic.net\/no\/wp-json\/wp\/v2\/product_brand?post=68375"},{"taxonomy":"product_cat","embeddable":true,"href":"https:\/\/games.tactic.net\/no\/wp-json\/wp\/v2\/product_cat?post=68375"},{"taxonomy":"product_tag","embeddable":true,"href":"https:\/\/games.tactic.net\/no\/wp-json\/wp\/v2\/product_tag?post=68375"},{"taxonomy":"brand","embeddable":true,"href":"https:\/\/games.tactic.net\/no\/wp-json\/wp\/v2\/brand?post=68375"},{"taxonomy":"target-group","embeddable":true,"href":"https:\/\/games.tactic.net\/no\/wp-json\/wp\/v2\/target-group?post=68375"},{"taxonomy":"discontinued","embeddable":true,"href":"https:\/\/games.tactic.net\/no\/wp-json\/wp\/v2\/discontinued?post=68375"}],"curies":[{"name":"wp","href":"https:\/\/api.w.org\/{rel}","templated":true}]}}