{"id":678410,"date":"2022-12-02T12:41:02","date_gmt":"2022-12-02T10:41:02","guid":{"rendered":"http:\/\/games.tactic.net\/tuote\/kjappe-ord\/"},"modified":"2024-02-15T14:38:25","modified_gmt":"2024-02-15T12:38:25","slug":"kjappe-ord","status":"publish","type":"product","link":"https:\/\/games.tactic.net\/no\/tuote\/kjappe-ord\/","title":{"rendered":"Kjappe ord"},"content":{"rendered":"<p>Finn ord p\u00e5 bokstavterningen! Dann ord fra bokstavene p\u00e5 terningen mens sanden i tidsuret l\u00f8per. Problemet er at du ikke f\u00e5r poeng for noen ord som vises p\u00e5 motstandernes ark! &#8211; Et raskt ordspill med masse variasjon! &#8211; Det er enkelt \u00e5 justere vanskelighetsgraden.<\/p>\n","protected":false},"excerpt":{"rendered":"<p>Finn ord p\u00e5 bokstavterningen! Dann ord fra bokstavene p\u00e5 terningen mens sanden i tidsuret l\u00f8per. Problemet er at du ikke f\u00e5r poeng for noen ord som vises p\u00e5 motstandernes ark!<\/p>\n","protected":false},"featured_media":0,"template":"","meta":{"content-type":"","_monsterinsights_skip_tracking":false,"_monsterinsights_sitenote_active":false,"_monsterinsights_sitenote_note":"","_monsterinsights_sitenote_category":0},"product_brand":[],"product_cat":[1662,1661],"product_tag":[1251,1221,1233,1267],"brand":[],"target-group":[],"discontinued":[],"class_list":{"0":"post-678410","1":"product","2":"type-product","3":"status-publish","5":"product_cat-partyspill","6":"product_cat-selskapsspill-voksenspill","7":"product_tag-ferdighet-no","8":"product_tag-funksjon-no","9":"product_tag-kombinere-no","10":"product_tag-sammen-no","12":"first","13":"instock","14":"taxable","15":"shipping-taxable","16":"product-type-simple"},"aioseo_notices":[],"_links":{"self":[{"href":"https:\/\/games.tactic.net\/no\/wp-json\/wp\/v2\/product\/678410","targetHints":{"allow":["GET"]}}],"collection":[{"href":"https:\/\/games.tactic.net\/no\/wp-json\/wp\/v2\/product"}],"about":[{"href":"https:\/\/games.tactic.net\/no\/wp-json\/wp\/v2\/types\/product"}],"wp:attachment":[{"href":"https:\/\/games.tactic.net\/no\/wp-json\/wp\/v2\/media?parent=678410"}],"wp:term":[{"taxonomy":"product_brand","embeddable":true,"href":"https:\/\/games.tactic.net\/no\/wp-json\/wp\/v2\/product_brand?post=678410"},{"taxonomy":"product_cat","embeddable":true,"href":"https:\/\/games.tactic.net\/no\/wp-json\/wp\/v2\/product_cat?post=678410"},{"taxonomy":"product_tag","embeddable":true,"href":"https:\/\/games.tactic.net\/no\/wp-json\/wp\/v2\/product_tag?post=678410"},{"taxonomy":"brand","embeddable":true,"href":"https:\/\/games.tactic.net\/no\/wp-json\/wp\/v2\/brand?post=678410"},{"taxonomy":"target-group","embeddable":true,"href":"https:\/\/games.tactic.net\/no\/wp-json\/wp\/v2\/target-group?post=678410"},{"taxonomy":"discontinued","embeddable":true,"href":"https:\/\/games.tactic.net\/no\/wp-json\/wp\/v2\/discontinued?post=678410"}],"curies":[{"name":"wp","href":"https:\/\/api.w.org\/{rel}","templated":true}]}}