{"id":67303,"date":"2021-02-17T09:13:17","date_gmt":"2021-02-17T07:13:17","guid":{"rendered":"https:\/\/dev.tactic.net\/tuote\/lets-learn-trivia-game\/"},"modified":"2023-10-17T19:22:04","modified_gmt":"2023-10-17T16:22:04","slug":"lets-learn-trivia-game","status":"publish","type":"product","link":"https:\/\/games.tactic.net\/no\/tuote\/lets-learn-trivia-game\/","title":{"rendered":"Mitt f\u00f8rste sp\u00f8rrespill"},"content":{"rendered":"<p>Mitt F\u00f8rste Sp\u00f8rrespill gir barna muligheten til \u00e5 bruke fantasien, kreativiteten og kunnskapen fra sin egen verden! Ved \u00e5 svare p\u00e5 sp\u00f8rsm\u00e5l og l\u00f8se oppgaver som har b\u00e5de skrevne og \u00e5pne svar, l\u00e6rer barna mye nytt og har det morsomt samtidig!<\/p>\n","protected":false},"excerpt":{"rendered":"<p>MITT F\u00d8RSTE SP\u00d8RRESPILL gir barna muligheten til \u00e5 bruke fantasien, kreativiteten og kunnskapen fra sin egen verden! Ved \u00e5 svare p\u00e5 sp\u00f8rsm\u00e5l og l\u00f8se oppgaver som har b\u00e5de skrevne og \u00e5pne svar, l\u00e6rer barna mye nytt og har det morsomt samtidig!<\/p>\n","protected":false},"featured_media":0,"template":"","meta":{"content-type":"","_monsterinsights_skip_tracking":false,"_monsterinsights_sitenote_active":false,"_monsterinsights_sitenote_note":"","_monsterinsights_sitenote_category":0},"product_brand":[],"product_cat":[1663],"product_tag":[1274,1255],"brand":[{"id":861,"name":"Let's Learn","slug":"letslearn-no"}],"target-group":[],"discontinued":[],"class_list":{"0":"post-67303","1":"product","2":"type-product","3":"status-publish","5":"product_cat-laerespill","6":"product_tag-kunnskap","7":"product_tag-pedagogisk-no","8":"brand-letslearn-no","10":"first","11":"instock","12":"taxable","13":"shipping-taxable","14":"product-type-simple"},"aioseo_notices":[],"_links":{"self":[{"href":"https:\/\/games.tactic.net\/no\/wp-json\/wp\/v2\/product\/67303","targetHints":{"allow":["GET"]}}],"collection":[{"href":"https:\/\/games.tactic.net\/no\/wp-json\/wp\/v2\/product"}],"about":[{"href":"https:\/\/games.tactic.net\/no\/wp-json\/wp\/v2\/types\/product"}],"wp:attachment":[{"href":"https:\/\/games.tactic.net\/no\/wp-json\/wp\/v2\/media?parent=67303"}],"wp:term":[{"taxonomy":"product_brand","embeddable":true,"href":"https:\/\/games.tactic.net\/no\/wp-json\/wp\/v2\/product_brand?post=67303"},{"taxonomy":"product_cat","embeddable":true,"href":"https:\/\/games.tactic.net\/no\/wp-json\/wp\/v2\/product_cat?post=67303"},{"taxonomy":"product_tag","embeddable":true,"href":"https:\/\/games.tactic.net\/no\/wp-json\/wp\/v2\/product_tag?post=67303"},{"taxonomy":"brand","embeddable":true,"href":"https:\/\/games.tactic.net\/no\/wp-json\/wp\/v2\/brand?post=67303"},{"taxonomy":"target-group","embeddable":true,"href":"https:\/\/games.tactic.net\/no\/wp-json\/wp\/v2\/target-group?post=67303"},{"taxonomy":"discontinued","embeddable":true,"href":"https:\/\/games.tactic.net\/no\/wp-json\/wp\/v2\/discontinued?post=67303"}],"curies":[{"name":"wp","href":"https:\/\/api.w.org\/{rel}","templated":true}]}}