{"id":672593,"date":"2022-11-17T14:21:12","date_gmt":"2022-11-17T12:21:12","guid":{"rendered":"http:\/\/games.tactic.net\/tuote\/fantus-og-dyrene-pa-bondegarden-fri\/"},"modified":"2024-01-23T11:10:44","modified_gmt":"2024-01-23T09:10:44","slug":"fantus-og-dyrene-pa-bondegarden-fri","status":"publish","type":"product","link":"https:\/\/games.tactic.net\/no\/tuote\/fantus-og-dyrene-pa-bondegarden-fri\/","title":{"rendered":"Fantus og dyrene p\u00e5 bondeg\u00e5rden fri"},"content":{"rendered":"<p>De aller minstes favoritt! Fantus skaper liv og r\u00f8re i familien med sin utforskning av verden! Det er mye \u00e5 oppleve p\u00e5 en bondeg\u00e5rd. I denne fjerde boken om Fantus m\u00f8ter vi b\u00e5de gris, ku, sau og hest &#8211; og blir kjent med lydene de lager. Herlig illustrert med en blanding av foto og tegninger.<\/p>\n","protected":false},"excerpt":{"rendered":"<p>De aller minstes favoritt! Fantus skaper liv og r\u00f8re i familien med sin utforskning av verden! Det er mye \u00e5 oppleve p\u00e5 en bondeg\u00e5rd. I denne fjerde boken om Fantus m\u00f8ter vi b\u00e5de gris, ku, sau og hest &#8211; og blir kjent med lydene de lager. Herlig illustrert med en blanding av foto og tegninger.<\/p>\n","protected":false},"featured_media":672579,"template":"","meta":{"content-type":"","_monsterinsights_skip_tracking":false,"_monsterinsights_sitenote_active":false,"_monsterinsights_sitenote_note":"","_monsterinsights_sitenote_category":0},"product_brand":[],"product_cat":[1698],"product_tag":[],"brand":[],"target-group":[],"discontinued":[],"class_list":{"0":"post-672593","1":"product","2":"type-product","3":"status-publish","4":"has-post-thumbnail","6":"product_cat-eventyr-og-billedboker","8":"first","9":"instock","10":"taxable","11":"shipping-taxable","12":"product-type-simple"},"aioseo_notices":[],"_links":{"self":[{"href":"https:\/\/games.tactic.net\/no\/wp-json\/wp\/v2\/product\/672593","targetHints":{"allow":["GET"]}}],"collection":[{"href":"https:\/\/games.tactic.net\/no\/wp-json\/wp\/v2\/product"}],"about":[{"href":"https:\/\/games.tactic.net\/no\/wp-json\/wp\/v2\/types\/product"}],"wp:featuredmedia":[{"embeddable":true,"href":"https:\/\/games.tactic.net\/no\/wp-json\/wp\/v2\/media\/672579"}],"wp:attachment":[{"href":"https:\/\/games.tactic.net\/no\/wp-json\/wp\/v2\/media?parent=672593"}],"wp:term":[{"taxonomy":"product_brand","embeddable":true,"href":"https:\/\/games.tactic.net\/no\/wp-json\/wp\/v2\/product_brand?post=672593"},{"taxonomy":"product_cat","embeddable":true,"href":"https:\/\/games.tactic.net\/no\/wp-json\/wp\/v2\/product_cat?post=672593"},{"taxonomy":"product_tag","embeddable":true,"href":"https:\/\/games.tactic.net\/no\/wp-json\/wp\/v2\/product_tag?post=672593"},{"taxonomy":"brand","embeddable":true,"href":"https:\/\/games.tactic.net\/no\/wp-json\/wp\/v2\/brand?post=672593"},{"taxonomy":"target-group","embeddable":true,"href":"https:\/\/games.tactic.net\/no\/wp-json\/wp\/v2\/target-group?post=672593"},{"taxonomy":"discontinued","embeddable":true,"href":"https:\/\/games.tactic.net\/no\/wp-json\/wp\/v2\/discontinued?post=672593"}],"curies":[{"name":"wp","href":"https:\/\/api.w.org\/{rel}","templated":true}]}}