{"id":672564,"date":"2022-11-17T14:18:41","date_gmt":"2022-11-17T12:18:41","guid":{"rendered":"http:\/\/games.tactic.net\/tuote\/fantorangen-reiser-til-manen-fri\/"},"modified":"2024-01-23T11:09:50","modified_gmt":"2024-01-23T09:09:50","slug":"fantorangen-reiser-til-manen-fri","status":"publish","type":"product","link":"https:\/\/games.tactic.net\/no\/tuote\/fantorangen-reiser-til-manen-fri\/","title":{"rendered":"Fantorangen reiser til m\u00e5nen fri"},"content":{"rendered":"<p>Fantorangen, Pivi og Fantus er sultne og har lyst p\u00e5 gulost. Hva med en reise til verdens st\u00f8rste ost &#8211; m\u00e5nen? Bli med Fantorangen, Pivi og Fantus til m\u00e5nen! Nye Fantorangen-historier med fantasi, humor og lekne illustrasjoner gj\u00f8r at barna aldri g\u00e5r lei. Disse b\u00f8kene er et fint supplement til alle Fantorangenproduktene som finnes der ute. Hum\u00f8rsprederen Fantorangen er en folkekj\u00e6r TV-figur med eget program p\u00e5 NRK Super.<\/p>\n","protected":false},"excerpt":{"rendered":"<p>Fantorangen, Pivi og Fantus er sultne og har lyst p\u00e5 gulost. Hva med en reise til verdens st\u00f8rste ost &#8211; m\u00e5nen? Bli med Fantorangen, Pivi og Fantus til m\u00e5nen! Nye Fantorangen-historier med fantasi, humor og lekne illustrasjoner gj\u00f8r at barna aldri g\u00e5r lei. Disse b\u00f8kene er et fint supplement til alle Fantorangenproduktene som finnes der [&hellip;]<\/p>\n","protected":false},"featured_media":0,"template":"","meta":{"content-type":"","_monsterinsights_skip_tracking":false,"_monsterinsights_sitenote_active":false,"_monsterinsights_sitenote_note":"","_monsterinsights_sitenote_category":0},"product_brand":[],"product_cat":[1698],"product_tag":[],"brand":[],"target-group":[],"discontinued":[],"class_list":{"0":"post-672564","1":"product","2":"type-product","3":"status-publish","5":"product_cat-eventyr-og-billedboker","7":"first","8":"instock","9":"taxable","10":"shipping-taxable","11":"product-type-simple"},"aioseo_notices":[],"_links":{"self":[{"href":"https:\/\/games.tactic.net\/no\/wp-json\/wp\/v2\/product\/672564","targetHints":{"allow":["GET"]}}],"collection":[{"href":"https:\/\/games.tactic.net\/no\/wp-json\/wp\/v2\/product"}],"about":[{"href":"https:\/\/games.tactic.net\/no\/wp-json\/wp\/v2\/types\/product"}],"wp:attachment":[{"href":"https:\/\/games.tactic.net\/no\/wp-json\/wp\/v2\/media?parent=672564"}],"wp:term":[{"taxonomy":"product_brand","embeddable":true,"href":"https:\/\/games.tactic.net\/no\/wp-json\/wp\/v2\/product_brand?post=672564"},{"taxonomy":"product_cat","embeddable":true,"href":"https:\/\/games.tactic.net\/no\/wp-json\/wp\/v2\/product_cat?post=672564"},{"taxonomy":"product_tag","embeddable":true,"href":"https:\/\/games.tactic.net\/no\/wp-json\/wp\/v2\/product_tag?post=672564"},{"taxonomy":"brand","embeddable":true,"href":"https:\/\/games.tactic.net\/no\/wp-json\/wp\/v2\/brand?post=672564"},{"taxonomy":"target-group","embeddable":true,"href":"https:\/\/games.tactic.net\/no\/wp-json\/wp\/v2\/target-group?post=672564"},{"taxonomy":"discontinued","embeddable":true,"href":"https:\/\/games.tactic.net\/no\/wp-json\/wp\/v2\/discontinued?post=672564"}],"curies":[{"name":"wp","href":"https:\/\/api.w.org\/{rel}","templated":true}]}}