{"id":661911,"date":"2022-11-01T08:10:29","date_gmt":"2022-11-01T06:10:29","guid":{"rendered":"http:\/\/games.tactic.net\/tuote\/vikings-tales-edge-of-the-world\/"},"modified":"2023-10-25T16:50:10","modified_gmt":"2023-10-25T13:50:10","slug":"vikings-tales-edge-of-the-world","status":"publish","type":"product","link":"https:\/\/games.tactic.net\/no\/tuote\/vikings-tales-edge-of-the-world\/","title":{"rendered":"Vikings\u2019 Tales Edge of the World board game"},"content":{"rendered":"<p>Gj\u00f8r deg klar for eventyr! Er du klar for \u00e5 sette seil til verdens ende? Sett sammen det beste mannskapet og begynn med \u00e5 handle varer, mens du kjemper kamper og tar deg videre mot det ukjente. Vikingh\u00f8vdingen som har samlet den st\u00f8rste formuen vinner, men det er mange farer p\u00e5 veien&#8230; &#8211; Inkluderer imponerende spillbrikker av tre! &#8211; Et eventyrspill for 3-4 spillere. &#8211; Et spill du vil spille igjen og igjen.<\/p>\n","protected":false},"excerpt":{"rendered":"<p>Gj\u00f8r deg klar for eventyr! Er du klar for \u00e5 sette seil til verdens ende? Sett sammen det beste mannskapet og begynn med \u00e5 handle varer, mens du kjemper kamper og tar deg videre mot det ukjente. Vikingh\u00f8vdingen som har samlet den st\u00f8rste formuen vinner, men det er mange farer p\u00e5 veien&#8230;<\/p>\n","protected":false},"featured_media":0,"template":"","meta":{"content-type":"","_monsterinsights_skip_tracking":false,"_monsterinsights_sitenote_active":false,"_monsterinsights_sitenote_note":"","_monsterinsights_sitenote_category":0},"product_brand":[],"product_cat":[1456,1457],"product_tag":[1239],"brand":[{"id":884,"name":"Gamestorm Studio","slug":"gametormstudio"}],"target-group":[],"discontinued":[],"class_list":{"0":"post-661911","1":"product","2":"type-product","3":"status-publish","5":"product_cat-strategispill-familiespill","6":"product_cat-strategispill-voksenspill","7":"product_tag-strategi-no","8":"brand-gametormstudio","10":"first","11":"instock","12":"taxable","13":"shipping-taxable","14":"product-type-simple"},"aioseo_notices":[],"_links":{"self":[{"href":"https:\/\/games.tactic.net\/no\/wp-json\/wp\/v2\/product\/661911","targetHints":{"allow":["GET"]}}],"collection":[{"href":"https:\/\/games.tactic.net\/no\/wp-json\/wp\/v2\/product"}],"about":[{"href":"https:\/\/games.tactic.net\/no\/wp-json\/wp\/v2\/types\/product"}],"wp:attachment":[{"href":"https:\/\/games.tactic.net\/no\/wp-json\/wp\/v2\/media?parent=661911"}],"wp:term":[{"taxonomy":"product_brand","embeddable":true,"href":"https:\/\/games.tactic.net\/no\/wp-json\/wp\/v2\/product_brand?post=661911"},{"taxonomy":"product_cat","embeddable":true,"href":"https:\/\/games.tactic.net\/no\/wp-json\/wp\/v2\/product_cat?post=661911"},{"taxonomy":"product_tag","embeddable":true,"href":"https:\/\/games.tactic.net\/no\/wp-json\/wp\/v2\/product_tag?post=661911"},{"taxonomy":"brand","embeddable":true,"href":"https:\/\/games.tactic.net\/no\/wp-json\/wp\/v2\/brand?post=661911"},{"taxonomy":"target-group","embeddable":true,"href":"https:\/\/games.tactic.net\/no\/wp-json\/wp\/v2\/target-group?post=661911"},{"taxonomy":"discontinued","embeddable":true,"href":"https:\/\/games.tactic.net\/no\/wp-json\/wp\/v2\/discontinued?post=661911"}],"curies":[{"name":"wp","href":"https:\/\/api.w.org\/{rel}","templated":true}]}}