{"id":655374,"date":"2022-10-24T09:09:55","date_gmt":"2022-10-24T06:09:55","guid":{"rendered":"http:\/\/games.tactic.net\/tuote\/claas-jaguar-980-field-chopper\/"},"modified":"2023-10-20T15:41:54","modified_gmt":"2023-10-20T12:41:54","slug":"claas-jaguar-980-field-chopper","status":"archive","type":"product","link":"https:\/\/games.tactic.net\/no\/tuote\/claas-jaguar-980-field-chopper\/","title":{"rendered":"Claas Jaguar 980 felthakker"},"content":{"rendered":"<p>Jaguar 980 er den st\u00f8rste f\u00f4rh\u00f8steren i h\u00f8stemaskinspesialisten Claas sitt utvalg. Takket v\u00e6re den imponerende ytelsen til en V12-dieselmotor som genererer 884 BHP samt nyutviklede driv- og h\u00f8stesystemer, kan denne maskinen brukes hvor som helst med behov for raskt og effektivt \u00e5 h\u00f8ste store felt. Den sv\u00e6rt detaljerte modellen i skala 1:16 er et nytt tillegg til BRUDERs landbrukssortiment. F\u00f4rh\u00f8sterens imponerende kornbord er utstyrt med seks drevne inntrekkssleider og ensilasjetuten kan dreies i alle retninger. D\u00f8r og panser \u00e5pnes for \u00e5 gi utsikt over det detaljerte f\u00f8rerhuset samt imponerende motor for nok en gang \u00e5 understreke BRUDERs motto: &laquo;Just like the real thing&raquo;. De utskiftbare hjulene representerer et ytterligere h\u00f8ydepunkt for \u00e5 \u00f8ke leket\u00f8yets verdi i tillegg. Dette spennende kj\u00f8ret\u00f8yet kan forbedres med Claas pickup-tilbeh\u00f8r og mekanikksettet.<\/p>\n","protected":false},"excerpt":{"rendered":"<p>Bruder<\/p>\n","protected":false},"featured_media":0,"template":"","meta":{"content-type":"","_monsterinsights_skip_tracking":false,"_monsterinsights_sitenote_active":false,"_monsterinsights_sitenote_note":"","_monsterinsights_sitenote_category":0},"product_brand":[],"product_cat":[1705],"product_tag":[],"brand":[],"target-group":[],"discontinued":[],"class_list":{"0":"post-655374","1":"product","2":"type-product","3":"status-archive","5":"product_cat-bruder-leker","7":"first","8":"instock","9":"taxable","10":"shipping-taxable","11":"product-type-simple"},"aioseo_notices":[],"_links":{"self":[{"href":"https:\/\/games.tactic.net\/no\/wp-json\/wp\/v2\/product\/655374","targetHints":{"allow":["GET"]}}],"collection":[{"href":"https:\/\/games.tactic.net\/no\/wp-json\/wp\/v2\/product"}],"about":[{"href":"https:\/\/games.tactic.net\/no\/wp-json\/wp\/v2\/types\/product"}],"wp:attachment":[{"href":"https:\/\/games.tactic.net\/no\/wp-json\/wp\/v2\/media?parent=655374"}],"wp:term":[{"taxonomy":"product_brand","embeddable":true,"href":"https:\/\/games.tactic.net\/no\/wp-json\/wp\/v2\/product_brand?post=655374"},{"taxonomy":"product_cat","embeddable":true,"href":"https:\/\/games.tactic.net\/no\/wp-json\/wp\/v2\/product_cat?post=655374"},{"taxonomy":"product_tag","embeddable":true,"href":"https:\/\/games.tactic.net\/no\/wp-json\/wp\/v2\/product_tag?post=655374"},{"taxonomy":"brand","embeddable":true,"href":"https:\/\/games.tactic.net\/no\/wp-json\/wp\/v2\/brand?post=655374"},{"taxonomy":"target-group","embeddable":true,"href":"https:\/\/games.tactic.net\/no\/wp-json\/wp\/v2\/target-group?post=655374"},{"taxonomy":"discontinued","embeddable":true,"href":"https:\/\/games.tactic.net\/no\/wp-json\/wp\/v2\/discontinued?post=655374"}],"curies":[{"name":"wp","href":"https:\/\/api.w.org\/{rel}","templated":true}]}}