{"id":655359,"date":"2022-10-24T09:08:53","date_gmt":"2022-10-24T06:08:53","guid":{"rendered":"http:\/\/games.tactic.net\/tuote\/mb-sprinter-dhl-with-driver\/"},"modified":"2023-10-20T16:49:02","modified_gmt":"2023-10-20T13:49:02","slug":"mb-sprinter-dhl-with-driver","status":"publish","type":"product","link":"https:\/\/games.tactic.net\/no\/tuote\/mb-sprinter-dhl-with-driver\/","title":{"rendered":"Mercedes-Benz Sprinter DHL med sj\u00e5f\u00f8r"},"content":{"rendered":"<p>Den nyeste versjonen av Mercedes-Benz Sprinter er ogs\u00e5 en av de mest suksessrike modellene i kategorien lette kj\u00f8ret\u00f8y. Dens allsidighet gj\u00f8r den uunnv\u00e6rlig for kommuner, redningstjenester og logistikksektoren. DHL bruker ogs\u00e5 Sprinter som leveringsbil. De har blitt et kjent syn p\u00e5 gata. BRUDER tilbyr n\u00e5 ogs\u00e5 siste versjon av Sprinter som DHL-varebil. D\u00f8ren til f\u00f8rerhuset og bakd\u00f8rene kan \u00e5pnes. Et spesielt h\u00f8ydepunkt er den nyutviklede skyved\u00f8ren p\u00e5 passasjersiden. BRUDER-modellen er utstyrt med en DHL-sj\u00e5f\u00f8r, et pallebur og typiske DHL-fraktpakker. Sm\u00e5 pakkeb\u00e6rere har n\u00e5 et sett med h\u00f8y lekeverdi. Med BRUDERs omfattende logistikksortiment kan denne flotte modellen utvides ytterligere. Logistikksettet og Linde gaffeltruck H30D gir enda mer spenning.<\/p>\n","protected":false},"excerpt":{"rendered":"<p>Bruder<\/p>\n","protected":false},"featured_media":0,"template":"","meta":{"content-type":"","_monsterinsights_skip_tracking":false,"_monsterinsights_sitenote_active":false,"_monsterinsights_sitenote_note":"","_monsterinsights_sitenote_category":0},"product_brand":[],"product_cat":[1705],"product_tag":[],"brand":[],"target-group":[],"discontinued":[],"class_list":{"0":"post-655359","1":"product","2":"type-product","3":"status-publish","5":"product_cat-bruder-leker","7":"first","8":"instock","9":"taxable","10":"shipping-taxable","11":"product-type-simple"},"aioseo_notices":[],"_links":{"self":[{"href":"https:\/\/games.tactic.net\/no\/wp-json\/wp\/v2\/product\/655359","targetHints":{"allow":["GET"]}}],"collection":[{"href":"https:\/\/games.tactic.net\/no\/wp-json\/wp\/v2\/product"}],"about":[{"href":"https:\/\/games.tactic.net\/no\/wp-json\/wp\/v2\/types\/product"}],"wp:attachment":[{"href":"https:\/\/games.tactic.net\/no\/wp-json\/wp\/v2\/media?parent=655359"}],"wp:term":[{"taxonomy":"product_brand","embeddable":true,"href":"https:\/\/games.tactic.net\/no\/wp-json\/wp\/v2\/product_brand?post=655359"},{"taxonomy":"product_cat","embeddable":true,"href":"https:\/\/games.tactic.net\/no\/wp-json\/wp\/v2\/product_cat?post=655359"},{"taxonomy":"product_tag","embeddable":true,"href":"https:\/\/games.tactic.net\/no\/wp-json\/wp\/v2\/product_tag?post=655359"},{"taxonomy":"brand","embeddable":true,"href":"https:\/\/games.tactic.net\/no\/wp-json\/wp\/v2\/brand?post=655359"},{"taxonomy":"target-group","embeddable":true,"href":"https:\/\/games.tactic.net\/no\/wp-json\/wp\/v2\/target-group?post=655359"},{"taxonomy":"discontinued","embeddable":true,"href":"https:\/\/games.tactic.net\/no\/wp-json\/wp\/v2\/discontinued?post=655359"}],"curies":[{"name":"wp","href":"https:\/\/api.w.org\/{rel}","templated":true}]}}