{"id":655328,"date":"2022-10-24T09:08:09","date_gmt":"2022-10-24T06:08:09","guid":{"rendered":"http:\/\/games.tactic.net\/tuote\/john-deere-with-tipping-trailer\/"},"modified":"2023-10-20T16:04:04","modified_gmt":"2023-10-20T13:04:04","slug":"john-deere-with-tipping-trailer","status":"publish","type":"product","link":"https:\/\/games.tactic.net\/no\/tuote\/john-deere-with-tipping-trailer\/","title":{"rendered":"John Deere 6920 med tipphenger"},"content":{"rendered":"<p>John Deere 6920 er en imponerende og p\u00e5litelig landbruksmaskin. Denne modellen har v\u00e6rt et viktig medlem av BRUDER-serien i lang tid. Motorpanseret kan \u00e5pnes for \u00e5 avsl\u00f8re motorblokken. Offroad-forakselen kan styres enten direkte via det bevegelige rattet i f\u00f8rerhuset eller via den medf\u00f8lgende styrestangforlengelsen, som barn kan feste til det bevegelige rattet gjennom skyvetaket i f\u00f8rerhuset. Tilhengerens vippetrau foldes opp, og bakluken \u00e5pnes automatisk. Koble til koblingen igjen for \u00e5 bruke kornt\u00f8mmeverkt\u00f8yet. Slitebanedekk fullf\u00f8rer bildet. Alle tallrike tilhengere og tilhengerfester i Professional-serien kan kombineres med John Deere 6920-traktoren for \u00e5 bedre illustrere for unge b\u00f8nder hvordan \u00e5krene blir dyrket.<\/p>\n","protected":false},"excerpt":{"rendered":"<p>Bruder<\/p>\n","protected":false},"featured_media":0,"template":"","meta":{"content-type":"","_monsterinsights_skip_tracking":false,"_monsterinsights_sitenote_active":false,"_monsterinsights_sitenote_note":"","_monsterinsights_sitenote_category":0},"product_brand":[],"product_cat":[1705],"product_tag":[],"brand":[],"target-group":[],"discontinued":[],"class_list":{"0":"post-655328","1":"product","2":"type-product","3":"status-publish","5":"product_cat-bruder-leker","7":"first","8":"instock","9":"taxable","10":"shipping-taxable","11":"product-type-simple"},"aioseo_notices":[],"_links":{"self":[{"href":"https:\/\/games.tactic.net\/no\/wp-json\/wp\/v2\/product\/655328","targetHints":{"allow":["GET"]}}],"collection":[{"href":"https:\/\/games.tactic.net\/no\/wp-json\/wp\/v2\/product"}],"about":[{"href":"https:\/\/games.tactic.net\/no\/wp-json\/wp\/v2\/types\/product"}],"wp:attachment":[{"href":"https:\/\/games.tactic.net\/no\/wp-json\/wp\/v2\/media?parent=655328"}],"wp:term":[{"taxonomy":"product_brand","embeddable":true,"href":"https:\/\/games.tactic.net\/no\/wp-json\/wp\/v2\/product_brand?post=655328"},{"taxonomy":"product_cat","embeddable":true,"href":"https:\/\/games.tactic.net\/no\/wp-json\/wp\/v2\/product_cat?post=655328"},{"taxonomy":"product_tag","embeddable":true,"href":"https:\/\/games.tactic.net\/no\/wp-json\/wp\/v2\/product_tag?post=655328"},{"taxonomy":"brand","embeddable":true,"href":"https:\/\/games.tactic.net\/no\/wp-json\/wp\/v2\/brand?post=655328"},{"taxonomy":"target-group","embeddable":true,"href":"https:\/\/games.tactic.net\/no\/wp-json\/wp\/v2\/target-group?post=655328"},{"taxonomy":"discontinued","embeddable":true,"href":"https:\/\/games.tactic.net\/no\/wp-json\/wp\/v2\/discontinued?post=655328"}],"curies":[{"name":"wp","href":"https:\/\/api.w.org\/{rel}","templated":true}]}}