{"id":655113,"date":"2022-10-24T09:05:51","date_gmt":"2022-10-24T06:05:51","guid":{"rendered":"http:\/\/games.tactic.net\/tuote\/jcb-teletruck-with-pallet\/"},"modified":"2023-10-20T16:00:34","modified_gmt":"2023-10-20T13:00:34","slug":"jcb-teletruck-with-pallet","status":"publish","type":"product","link":"https:\/\/games.tactic.net\/no\/tuote\/jcb-teletruck-with-pallet\/","title":{"rendered":"JCB Teletruck med pall"},"content":{"rendered":"<p>JCB 30-19E elektriske Teletruck er en del av en ny generasjon innovative produkter kalt JCB E-TECH med null utslipp ved brukspunktet, uten at det g\u00e5r p\u00e5 bekostning av ytelsen. Den oppn\u00e5r maksimal effektivitet med en ny teleskopbom med null utslipp samtidig. Denne revolusjonerende teleskoptrucken er en ny modell i BRUDERs verden med nyttekj\u00f8ret\u00f8y. Den styrbare gaffeltrucken p\u00e5 bakakselen gir plass til en figur i det moderne f\u00f8rerhuset. Den h\u00f8ydejusterbare teleskoparmen kan trekkes inn og ut samt l\u00e5ses og vinkelen p\u00e5 gaffelen kan justeres. Takket v\u00e6re BRUDER-standardholderen kan et bredt utvalg av verkt\u00f8y festes og tilbeh\u00f8rssettet med gitterpall, kabelvinsj og gafler er den perfekte forlengelsen for enda mer moro.<\/p>\n","protected":false},"excerpt":{"rendered":"<p>Bruder<\/p>\n","protected":false},"featured_media":0,"template":"","meta":{"content-type":"","_monsterinsights_skip_tracking":false,"_monsterinsights_sitenote_active":false,"_monsterinsights_sitenote_note":"","_monsterinsights_sitenote_category":0},"product_brand":[],"product_cat":[1705],"product_tag":[],"brand":[],"target-group":[],"discontinued":[],"class_list":{"0":"post-655113","1":"product","2":"type-product","3":"status-publish","5":"product_cat-bruder-leker","7":"first","8":"instock","9":"taxable","10":"shipping-taxable","11":"product-type-simple"},"aioseo_notices":[],"_links":{"self":[{"href":"https:\/\/games.tactic.net\/no\/wp-json\/wp\/v2\/product\/655113","targetHints":{"allow":["GET"]}}],"collection":[{"href":"https:\/\/games.tactic.net\/no\/wp-json\/wp\/v2\/product"}],"about":[{"href":"https:\/\/games.tactic.net\/no\/wp-json\/wp\/v2\/types\/product"}],"wp:attachment":[{"href":"https:\/\/games.tactic.net\/no\/wp-json\/wp\/v2\/media?parent=655113"}],"wp:term":[{"taxonomy":"product_brand","embeddable":true,"href":"https:\/\/games.tactic.net\/no\/wp-json\/wp\/v2\/product_brand?post=655113"},{"taxonomy":"product_cat","embeddable":true,"href":"https:\/\/games.tactic.net\/no\/wp-json\/wp\/v2\/product_cat?post=655113"},{"taxonomy":"product_tag","embeddable":true,"href":"https:\/\/games.tactic.net\/no\/wp-json\/wp\/v2\/product_tag?post=655113"},{"taxonomy":"brand","embeddable":true,"href":"https:\/\/games.tactic.net\/no\/wp-json\/wp\/v2\/brand?post=655113"},{"taxonomy":"target-group","embeddable":true,"href":"https:\/\/games.tactic.net\/no\/wp-json\/wp\/v2\/target-group?post=655113"},{"taxonomy":"discontinued","embeddable":true,"href":"https:\/\/games.tactic.net\/no\/wp-json\/wp\/v2\/discontinued?post=655113"}],"curies":[{"name":"wp","href":"https:\/\/api.w.org\/{rel}","templated":true}]}}