{"id":655042,"date":"2022-10-24T09:05:17","date_gmt":"2022-10-24T06:05:17","guid":{"rendered":"http:\/\/games.tactic.net\/tuote\/john-deere-hagetraktor\/"},"modified":"2023-10-20T15:30:13","modified_gmt":"2023-10-20T12:30:13","slug":"john-deere-hagetraktor","status":"publish","type":"product","link":"https:\/\/games.tactic.net\/no\/tuote\/john-deere-hagetraktor\/","title":{"rendered":"Bruder bworld John Deere plenklipper med tilhenger lekesett"},"content":{"rendered":"<p>John Deere-gressklippere er laget for komfort, ytelse og enkel bruk. X949 utmerker seg med enest\u00e5ende kj\u00f8rekomfort. Denne detaljerte modellen har velteb\u00f8yle, moderne f\u00f8rerplass, h\u00f8ydejusterbart klippeaggregat og tilhenger som tipper. En gartner medf\u00f8lger, s\u00e5 leken kan starte med en gang.<\/p>\n","protected":false},"excerpt":{"rendered":"<p>Sett i gang med BRUDER John Deere X949 sitteklipper! Denne detaljerte modellen har mange justerbare funksjoner og en gartnerfigur for realistisk lek og hagearbeid.<\/p>\n","protected":false},"featured_media":0,"template":"","meta":{"content-type":"","_monsterinsights_skip_tracking":false,"_monsterinsights_sitenote_active":false,"_monsterinsights_sitenote_note":"","_monsterinsights_sitenote_category":0},"product_brand":[],"product_cat":[1705],"product_tag":[],"brand":[],"target-group":[],"discontinued":[],"class_list":{"0":"post-655042","1":"product","2":"type-product","3":"status-publish","5":"product_cat-bruder-leker","7":"first","8":"instock","9":"taxable","10":"shipping-taxable","11":"product-type-simple"},"aioseo_notices":[],"_links":{"self":[{"href":"https:\/\/games.tactic.net\/no\/wp-json\/wp\/v2\/product\/655042","targetHints":{"allow":["GET"]}}],"collection":[{"href":"https:\/\/games.tactic.net\/no\/wp-json\/wp\/v2\/product"}],"about":[{"href":"https:\/\/games.tactic.net\/no\/wp-json\/wp\/v2\/types\/product"}],"wp:attachment":[{"href":"https:\/\/games.tactic.net\/no\/wp-json\/wp\/v2\/media?parent=655042"}],"wp:term":[{"taxonomy":"product_brand","embeddable":true,"href":"https:\/\/games.tactic.net\/no\/wp-json\/wp\/v2\/product_brand?post=655042"},{"taxonomy":"product_cat","embeddable":true,"href":"https:\/\/games.tactic.net\/no\/wp-json\/wp\/v2\/product_cat?post=655042"},{"taxonomy":"product_tag","embeddable":true,"href":"https:\/\/games.tactic.net\/no\/wp-json\/wp\/v2\/product_tag?post=655042"},{"taxonomy":"brand","embeddable":true,"href":"https:\/\/games.tactic.net\/no\/wp-json\/wp\/v2\/brand?post=655042"},{"taxonomy":"target-group","embeddable":true,"href":"https:\/\/games.tactic.net\/no\/wp-json\/wp\/v2\/target-group?post=655042"},{"taxonomy":"discontinued","embeddable":true,"href":"https:\/\/games.tactic.net\/no\/wp-json\/wp\/v2\/discontinued?post=655042"}],"curies":[{"name":"wp","href":"https:\/\/api.w.org\/{rel}","templated":true}]}}