{"id":654913,"date":"2022-10-24T09:04:04","date_gmt":"2022-10-24T06:04:04","guid":{"rendered":"http:\/\/games.tactic.net\/tuote\/bworld-police-station-with-police-motorbike\/"},"modified":"2025-08-04T09:34:06","modified_gmt":"2025-08-04T06:34:06","slug":"bworld-police-station-with-police-motorbike","status":"archive","type":"product","link":"https:\/\/games.tactic.net\/no\/tuote\/bworld-police-station-with-police-motorbike\/","title":{"rendered":"bworld Politistasjon med politimotorsykkel"},"content":{"rendered":"<p>For det brede utvalget av BRUDER politikj\u00f8ret\u00f8yer er det n\u00e5 den nye bworld politistasjonen som et koordinerende sted. P\u00e5 kontoromr\u00e5det kan politibetjenten koordinere og spore hvert oppdrag ved hjelp av toppmoderne utstyr. Hvis en mistenkt blir arrestert, kan de holdes p\u00e5 celleomr\u00e5det. Scrambler Ducati politimotorsykkelen er klar til \u00e5 g\u00e5 i gang foran politistasjonen. bworld politistasjonen kan enkelt kombineres med andre bworld-temasett. bworld er lekeverdenen til BRUDER. Den best\u00e5r av bevegelige figurer, dyr, tilbeh\u00f8r og n\u00e5 sist ogs\u00e5 temasett, og er tilordnet de velkjente BRUDER-kategoriene. Enten som sj\u00e5f\u00f8r, rytter, vannsportentusiast eller p\u00e5 sykehusavdelingen eller motorsykkelverkstedet, gir bworld-varer timevis med moro alene eller er det perfekte tillegget til de detaljerte kj\u00f8ret\u00f8yene. Med de nye temasettene kan du dykke enda dypere inn i Bruders verden. Trykte veggelementer med lettmonterte justerbare f\u00f8tter danner n\u00e5 rommet for enda mer virkelighet n\u00e5r du leker og det nye hyllesystemet kan ogs\u00e5 samhandle med elementene.<\/p>\n","protected":false},"excerpt":{"rendered":"<p>Bruder<\/p>\n","protected":false},"featured_media":0,"template":"","meta":{"content-type":"","_monsterinsights_skip_tracking":false,"_monsterinsights_sitenote_active":false,"_monsterinsights_sitenote_note":"","_monsterinsights_sitenote_category":0},"product_brand":[],"product_cat":[1705],"product_tag":[],"brand":[],"target-group":[],"discontinued":[],"class_list":{"0":"post-654913","1":"product","2":"type-product","3":"status-archive","5":"product_cat-bruder-leker","7":"first","8":"outofstock","9":"taxable","10":"shipping-taxable","11":"product-type-simple"},"aioseo_notices":[],"_links":{"self":[{"href":"https:\/\/games.tactic.net\/no\/wp-json\/wp\/v2\/product\/654913","targetHints":{"allow":["GET"]}}],"collection":[{"href":"https:\/\/games.tactic.net\/no\/wp-json\/wp\/v2\/product"}],"about":[{"href":"https:\/\/games.tactic.net\/no\/wp-json\/wp\/v2\/types\/product"}],"wp:attachment":[{"href":"https:\/\/games.tactic.net\/no\/wp-json\/wp\/v2\/media?parent=654913"}],"wp:term":[{"taxonomy":"product_brand","embeddable":true,"href":"https:\/\/games.tactic.net\/no\/wp-json\/wp\/v2\/product_brand?post=654913"},{"taxonomy":"product_cat","embeddable":true,"href":"https:\/\/games.tactic.net\/no\/wp-json\/wp\/v2\/product_cat?post=654913"},{"taxonomy":"product_tag","embeddable":true,"href":"https:\/\/games.tactic.net\/no\/wp-json\/wp\/v2\/product_tag?post=654913"},{"taxonomy":"brand","embeddable":true,"href":"https:\/\/games.tactic.net\/no\/wp-json\/wp\/v2\/brand?post=654913"},{"taxonomy":"target-group","embeddable":true,"href":"https:\/\/games.tactic.net\/no\/wp-json\/wp\/v2\/target-group?post=654913"},{"taxonomy":"discontinued","embeddable":true,"href":"https:\/\/games.tactic.net\/no\/wp-json\/wp\/v2\/discontinued?post=654913"}],"curies":[{"name":"wp","href":"https:\/\/api.w.org\/{rel}","templated":true}]}}