{"id":654545,"date":"2022-10-24T09:02:39","date_gmt":"2022-10-24T06:02:39","guid":{"rendered":"http:\/\/games.tactic.net\/tuote\/cat-excavator\/"},"modified":"2023-10-20T15:34:24","modified_gmt":"2023-10-20T12:34:24","slug":"cat-excavator","status":"publish","type":"product","link":"https:\/\/games.tactic.net\/no\/tuote\/cat-excavator\/","title":{"rendered":"CAT Gravemaskin"},"content":{"rendered":"<p>Den nye generasjonen av Cat gravemaskiner er designet for de mest krevende oppgavene. Med optimalisert b\u00e6reevne, et bredt utvalg av spader og skuffer og effektive nyeste generasjons dieselmotorer, er denne gravemaskinen en av de mest moderne kj\u00f8ret\u00f8yene p\u00e5 enhver byggeplass. For krevende oppgaver i sandkassen og barnerommet har denne flotte gravemaskinen n\u00e5 kommet som en ny modell i BRUDERs utvalg av anleggsmaskiner. Den valgfrie bworld-figuren har en avansert arbeidsplass i det moderne og helglassede f\u00f8rerhuset. Gravemaskinarmen er fullt funksjonell via h\u00e5ndspaken og kan ogs\u00e5 jobbe under kj\u00f8ret\u00f8yniv\u00e5. Gravemaskinen n\u00e5r selv det vanskeligste terrenget takket v\u00e6re ekte kjettingledd. To motorluker kan \u00e5pnes for kommende vedlikeholdsarbeid.<\/p>\n","protected":false},"excerpt":{"rendered":"<p>Bruder<\/p>\n","protected":false},"featured_media":0,"template":"","meta":{"content-type":"","_monsterinsights_skip_tracking":false,"_monsterinsights_sitenote_active":false,"_monsterinsights_sitenote_note":"","_monsterinsights_sitenote_category":0},"product_brand":[],"product_cat":[1705],"product_tag":[],"brand":[],"target-group":[],"discontinued":[],"class_list":{"0":"post-654545","1":"product","2":"type-product","3":"status-publish","5":"product_cat-bruder-leker","7":"first","8":"instock","9":"taxable","10":"shipping-taxable","11":"product-type-simple"},"aioseo_notices":[],"_links":{"self":[{"href":"https:\/\/games.tactic.net\/no\/wp-json\/wp\/v2\/product\/654545","targetHints":{"allow":["GET"]}}],"collection":[{"href":"https:\/\/games.tactic.net\/no\/wp-json\/wp\/v2\/product"}],"about":[{"href":"https:\/\/games.tactic.net\/no\/wp-json\/wp\/v2\/types\/product"}],"wp:attachment":[{"href":"https:\/\/games.tactic.net\/no\/wp-json\/wp\/v2\/media?parent=654545"}],"wp:term":[{"taxonomy":"product_brand","embeddable":true,"href":"https:\/\/games.tactic.net\/no\/wp-json\/wp\/v2\/product_brand?post=654545"},{"taxonomy":"product_cat","embeddable":true,"href":"https:\/\/games.tactic.net\/no\/wp-json\/wp\/v2\/product_cat?post=654545"},{"taxonomy":"product_tag","embeddable":true,"href":"https:\/\/games.tactic.net\/no\/wp-json\/wp\/v2\/product_tag?post=654545"},{"taxonomy":"brand","embeddable":true,"href":"https:\/\/games.tactic.net\/no\/wp-json\/wp\/v2\/brand?post=654545"},{"taxonomy":"target-group","embeddable":true,"href":"https:\/\/games.tactic.net\/no\/wp-json\/wp\/v2\/target-group?post=654545"},{"taxonomy":"discontinued","embeddable":true,"href":"https:\/\/games.tactic.net\/no\/wp-json\/wp\/v2\/discontinued?post=654545"}],"curies":[{"name":"wp","href":"https:\/\/api.w.org\/{rel}","templated":true}]}}