{"id":654460,"date":"2022-10-24T09:02:07","date_gmt":"2022-10-24T06:02:07","guid":{"rendered":"http:\/\/games.tactic.net\/tuote\/roadster-with-1-road-bike-cyclist\/"},"modified":"2025-01-13T09:38:14","modified_gmt":"2025-01-13T07:38:14","slug":"roadster-with-1-road-bike-cyclist","status":"archive","type":"product","link":"https:\/\/games.tactic.net\/no\/tuote\/roadster-with-1-road-bike-cyclist\/","title":{"rendered":"Roadster med 1 landeveissykkel og syklist"},"content":{"rendered":"<p>Sykling er popul\u00e6rt. Denne sporten er en avslappende hobby for mange for \u00e5 glemme sin stressende hverdag ved \u00e5 v\u00e6re ute i naturen. BRUDER rir ogs\u00e5 p\u00e5 sykkelb\u00f8lgen. Den nye bworld-figuren med stilig sykkelantrekk holder seg i form med den nye BRUDER racersykkelen. \u00c5 transportere den er like sporty. BRUDER roadster representerer smidighet og sportslighet. Det nyutviklede sykkelstativet kan settes inn i bakvinduet for p\u00e5litelig transport av to sykler.<\/p>\n","protected":false},"excerpt":{"rendered":"<p>Bruder<\/p>\n","protected":false},"featured_media":0,"template":"","meta":{"content-type":"","_monsterinsights_skip_tracking":false,"_monsterinsights_sitenote_active":false,"_monsterinsights_sitenote_note":"","_monsterinsights_sitenote_category":0},"product_brand":[],"product_cat":[1705],"product_tag":[],"brand":[],"target-group":[],"discontinued":[],"class_list":{"0":"post-654460","1":"product","2":"type-product","3":"status-archive","5":"product_cat-bruder-leker","7":"first","8":"outofstock","9":"taxable","10":"shipping-taxable","11":"product-type-simple"},"aioseo_notices":[],"_links":{"self":[{"href":"https:\/\/games.tactic.net\/no\/wp-json\/wp\/v2\/product\/654460","targetHints":{"allow":["GET"]}}],"collection":[{"href":"https:\/\/games.tactic.net\/no\/wp-json\/wp\/v2\/product"}],"about":[{"href":"https:\/\/games.tactic.net\/no\/wp-json\/wp\/v2\/types\/product"}],"wp:attachment":[{"href":"https:\/\/games.tactic.net\/no\/wp-json\/wp\/v2\/media?parent=654460"}],"wp:term":[{"taxonomy":"product_brand","embeddable":true,"href":"https:\/\/games.tactic.net\/no\/wp-json\/wp\/v2\/product_brand?post=654460"},{"taxonomy":"product_cat","embeddable":true,"href":"https:\/\/games.tactic.net\/no\/wp-json\/wp\/v2\/product_cat?post=654460"},{"taxonomy":"product_tag","embeddable":true,"href":"https:\/\/games.tactic.net\/no\/wp-json\/wp\/v2\/product_tag?post=654460"},{"taxonomy":"brand","embeddable":true,"href":"https:\/\/games.tactic.net\/no\/wp-json\/wp\/v2\/brand?post=654460"},{"taxonomy":"target-group","embeddable":true,"href":"https:\/\/games.tactic.net\/no\/wp-json\/wp\/v2\/target-group?post=654460"},{"taxonomy":"discontinued","embeddable":true,"href":"https:\/\/games.tactic.net\/no\/wp-json\/wp\/v2\/discontinued?post=654460"}],"curies":[{"name":"wp","href":"https:\/\/api.w.org\/{rel}","templated":true}]}}