{"id":654445,"date":"2022-10-24T09:01:47","date_gmt":"2022-10-24T06:01:47","guid":{"rendered":"http:\/\/games.tactic.net\/tuote\/jeep-wrangler-rubicon-unlimited-w-bike-and-cyclist\/"},"modified":"2023-10-20T16:01:00","modified_gmt":"2023-10-20T13:01:00","slug":"jeep-wrangler-rubicon-unlimited-w-bike-and-cyclist","status":"publish","type":"product","link":"https:\/\/games.tactic.net\/no\/tuote\/jeep-wrangler-rubicon-unlimited-w-bike-and-cyclist\/","title":{"rendered":"Jeep Wrangler Rubicon Unlimited med 1 terrengsykkel og syklist"},"content":{"rendered":"<p>Sykling er alltid popul\u00e6rt. Denne sporten er en avslappende hobby for mange mennesker \u00e5 glemme sin stressende hverdag ved \u00e5 v\u00e6re ute i naturen. BRUDER rir ogs\u00e5 p\u00e5 sykkelb\u00f8lgen. Den nye bworld-figuren med et banebrytende sykkelantrekk holder seg i form med den splitter nye BRUDER terrengsykkelen. Jeep Wrangler Rubicon Unlimited som et ekte offroadtalent gj\u00f8r det mulig \u00e5 n\u00e5 de vakreste terrengsykkelrutene. I tillegg til det todelte, avtakbare segmenttaket, \u00e5pnes panseret, bakd\u00f8ren og alle fire sided\u00f8rer. Det sier seg selv at kj\u00f8ret\u00f8yet gir nok plass p\u00e5 innsiden til fire BRUDER bworld-figurer. Alternativt kan baksetet fjernes for \u00e5 skape plass til tilbeh\u00f8r som er kompatibelt med BRUDER standard koblinger i lasteomr\u00e5det. Den ekstra drakoblingen er ment \u00e5 lette styringen gjennom takluken, og hvis det ikke er n\u00f8dvendig, kan den oppbevares i kj\u00f8ret\u00f8yets understell. Akslene har typisk terrengkj\u00f8ret\u00f8yoppheng og slitebanedekk med kromhjul i tiltalende SUV-design. Terrengsykkelen kan enkelt monteres p\u00e5 det vedlagte sykkelstativet som er festet til dragkoblingen.<\/p>\n","protected":false},"excerpt":{"rendered":"<p>Bruder<\/p>\n","protected":false},"featured_media":0,"template":"","meta":{"content-type":"","_monsterinsights_skip_tracking":false,"_monsterinsights_sitenote_active":false,"_monsterinsights_sitenote_note":"","_monsterinsights_sitenote_category":0},"product_brand":[],"product_cat":[1705],"product_tag":[],"brand":[],"target-group":[],"discontinued":[],"class_list":{"0":"post-654445","1":"product","2":"type-product","3":"status-publish","5":"product_cat-bruder-leker","7":"first","8":"instock","9":"taxable","10":"shipping-taxable","11":"product-type-simple"},"aioseo_notices":[],"_links":{"self":[{"href":"https:\/\/games.tactic.net\/no\/wp-json\/wp\/v2\/product\/654445","targetHints":{"allow":["GET"]}}],"collection":[{"href":"https:\/\/games.tactic.net\/no\/wp-json\/wp\/v2\/product"}],"about":[{"href":"https:\/\/games.tactic.net\/no\/wp-json\/wp\/v2\/types\/product"}],"wp:attachment":[{"href":"https:\/\/games.tactic.net\/no\/wp-json\/wp\/v2\/media?parent=654445"}],"wp:term":[{"taxonomy":"product_brand","embeddable":true,"href":"https:\/\/games.tactic.net\/no\/wp-json\/wp\/v2\/product_brand?post=654445"},{"taxonomy":"product_cat","embeddable":true,"href":"https:\/\/games.tactic.net\/no\/wp-json\/wp\/v2\/product_cat?post=654445"},{"taxonomy":"product_tag","embeddable":true,"href":"https:\/\/games.tactic.net\/no\/wp-json\/wp\/v2\/product_tag?post=654445"},{"taxonomy":"brand","embeddable":true,"href":"https:\/\/games.tactic.net\/no\/wp-json\/wp\/v2\/brand?post=654445"},{"taxonomy":"target-group","embeddable":true,"href":"https:\/\/games.tactic.net\/no\/wp-json\/wp\/v2\/target-group?post=654445"},{"taxonomy":"discontinued","embeddable":true,"href":"https:\/\/games.tactic.net\/no\/wp-json\/wp\/v2\/discontinued?post=654445"}],"curies":[{"name":"wp","href":"https:\/\/api.w.org\/{rel}","templated":true}]}}