{"id":654400,"date":"2022-10-24T08:54:21","date_gmt":"2022-10-24T05:54:21","guid":{"rendered":"http:\/\/games.tactic.net\/tuote\/bworld-motorcycle-service-scrambler-ducati-ft\/"},"modified":"2023-10-20T15:30:38","modified_gmt":"2023-10-20T12:30:38","slug":"bworld-motorcycle-service-scrambler-ducati-ft","status":"publish","type":"product","link":"https:\/\/games.tactic.net\/no\/tuote\/bworld-motorcycle-service-scrambler-ducati-ft\/","title":{"rendered":"Bruder bworld Motorsykkelverksted Ducati Scrambler FT lekesett"},"content":{"rendered":"<p>bworld er BRUDERs lekverden, med figurer, dyr, tilbeh\u00f8r og tematiske sett. Den nye motorsykkelverkstedet er et paradis for mekanikere. Ducati Scrambler Full Throttle st\u00e5r p\u00e5 l\u00f8fteplattformen, mens mekanikeren har verkt\u00f8ykasse, hjelm og hansker p\u00e5 hyllene. Verkstedet kan kombineres med andre bworld-sett. Passer perfekt sammen med RAM Power Wagon med Ducati (02502) eller Land Rover med tilhenger og Ducati (02589).<\/p>\n","protected":false},"excerpt":{"rendered":"<p>Scrambler Ducati Full Throttle st\u00e5r p\u00e5 l\u00f8fteplattformen for service. Mekanikeren har verkt\u00f8ykasse og kan oppbevare hjelm og hansker p\u00e5 hyllen til testkj\u00f8ringen starter.<\/p>\n","protected":false},"featured_media":0,"template":"","meta":{"content-type":"","_monsterinsights_skip_tracking":false,"_monsterinsights_sitenote_active":false,"_monsterinsights_sitenote_note":"","_monsterinsights_sitenote_category":0},"product_brand":[],"product_cat":[1705],"product_tag":[],"brand":[],"target-group":[],"discontinued":[],"class_list":{"0":"post-654400","1":"product","2":"type-product","3":"status-publish","5":"product_cat-bruder-leker","7":"first","8":"instock","9":"taxable","10":"shipping-taxable","11":"product-type-simple"},"aioseo_notices":[],"_links":{"self":[{"href":"https:\/\/games.tactic.net\/no\/wp-json\/wp\/v2\/product\/654400","targetHints":{"allow":["GET"]}}],"collection":[{"href":"https:\/\/games.tactic.net\/no\/wp-json\/wp\/v2\/product"}],"about":[{"href":"https:\/\/games.tactic.net\/no\/wp-json\/wp\/v2\/types\/product"}],"wp:attachment":[{"href":"https:\/\/games.tactic.net\/no\/wp-json\/wp\/v2\/media?parent=654400"}],"wp:term":[{"taxonomy":"product_brand","embeddable":true,"href":"https:\/\/games.tactic.net\/no\/wp-json\/wp\/v2\/product_brand?post=654400"},{"taxonomy":"product_cat","embeddable":true,"href":"https:\/\/games.tactic.net\/no\/wp-json\/wp\/v2\/product_cat?post=654400"},{"taxonomy":"product_tag","embeddable":true,"href":"https:\/\/games.tactic.net\/no\/wp-json\/wp\/v2\/product_tag?post=654400"},{"taxonomy":"brand","embeddable":true,"href":"https:\/\/games.tactic.net\/no\/wp-json\/wp\/v2\/brand?post=654400"},{"taxonomy":"target-group","embeddable":true,"href":"https:\/\/games.tactic.net\/no\/wp-json\/wp\/v2\/target-group?post=654400"},{"taxonomy":"discontinued","embeddable":true,"href":"https:\/\/games.tactic.net\/no\/wp-json\/wp\/v2\/discontinued?post=654400"}],"curies":[{"name":"wp","href":"https:\/\/api.w.org\/{rel}","templated":true}]}}