{"id":654356,"date":"2022-10-24T08:52:49","date_gmt":"2022-10-24T05:52:49","guid":{"rendered":"http:\/\/games.tactic.net\/tuote\/volvo-dumper-a60h\/"},"modified":"2023-10-20T17:06:47","modified_gmt":"2023-10-20T14:06:47","slug":"volvo-dumper-a60h","status":"publish","type":"product","link":"https:\/\/games.tactic.net\/no\/tuote\/volvo-dumper-a60h\/","title":{"rendered":"Volvo A60H Dumper toy"},"content":{"rendered":"<p>Dumpere er ekte arbeidshester! Det v\u00e6re seg for \u00e5 effektivt transportere bulkgods som en del av jordflytting, asfalt som en del av veibygging, eller transport i steinbrudd og grustak, denne dumperen kan stole p\u00e5. Som en av de kraftigste dumperne er Volvo A60H n\u00e5 lagt til BRUDER-temaverdenen for anleggsutstyr. Akkurat som den ekte varen, garanterer modellen eksemplariske terrengegenskaper takket v\u00e6re solid leddstyring i forbindelse med massive ballongdekk. \u00c9n figur kan ta plass gjennom takluken p\u00e5 det ekstremt moderne f\u00f8rerhuset. Unge dumpersj\u00e5f\u00f8rer kan laste og losse det ekte, enorme tipptrauet.<\/p>\n","protected":false},"excerpt":{"rendered":"<p>Bruder<\/p>\n","protected":false},"featured_media":0,"template":"","meta":{"content-type":"","_monsterinsights_skip_tracking":false,"_monsterinsights_sitenote_active":false,"_monsterinsights_sitenote_note":"","_monsterinsights_sitenote_category":0},"product_brand":[],"product_cat":[1705],"product_tag":[],"brand":[],"target-group":[],"discontinued":[],"class_list":{"0":"post-654356","1":"product","2":"type-product","3":"status-publish","5":"product_cat-bruder-leker","7":"first","8":"instock","9":"taxable","10":"shipping-taxable","11":"product-type-simple"},"aioseo_notices":[],"_links":{"self":[{"href":"https:\/\/games.tactic.net\/no\/wp-json\/wp\/v2\/product\/654356","targetHints":{"allow":["GET"]}}],"collection":[{"href":"https:\/\/games.tactic.net\/no\/wp-json\/wp\/v2\/product"}],"about":[{"href":"https:\/\/games.tactic.net\/no\/wp-json\/wp\/v2\/types\/product"}],"wp:attachment":[{"href":"https:\/\/games.tactic.net\/no\/wp-json\/wp\/v2\/media?parent=654356"}],"wp:term":[{"taxonomy":"product_brand","embeddable":true,"href":"https:\/\/games.tactic.net\/no\/wp-json\/wp\/v2\/product_brand?post=654356"},{"taxonomy":"product_cat","embeddable":true,"href":"https:\/\/games.tactic.net\/no\/wp-json\/wp\/v2\/product_cat?post=654356"},{"taxonomy":"product_tag","embeddable":true,"href":"https:\/\/games.tactic.net\/no\/wp-json\/wp\/v2\/product_tag?post=654356"},{"taxonomy":"brand","embeddable":true,"href":"https:\/\/games.tactic.net\/no\/wp-json\/wp\/v2\/brand?post=654356"},{"taxonomy":"target-group","embeddable":true,"href":"https:\/\/games.tactic.net\/no\/wp-json\/wp\/v2\/target-group?post=654356"},{"taxonomy":"discontinued","embeddable":true,"href":"https:\/\/games.tactic.net\/no\/wp-json\/wp\/v2\/discontinued?post=654356"}],"curies":[{"name":"wp","href":"https:\/\/api.w.org\/{rel}","templated":true}]}}