{"id":654341,"date":"2022-10-24T08:52:21","date_gmt":"2022-10-24T05:52:21","guid":{"rendered":"http:\/\/games.tactic.net\/tuote\/figure-set-ambulance\/"},"modified":"2023-10-11T09:47:31","modified_gmt":"2023-10-11T06:47:31","slug":"figure-set-ambulance","status":"publish","type":"product","link":"https:\/\/games.tactic.net\/no\/tuote\/figure-set-ambulance\/","title":{"rendered":"bworld Ambulanse figursett"},"content":{"rendered":"<p>Ambulansefigursettet er det perfekte supplement for enhver utplassering av BRUDER brannvesen, politi og n\u00f8detater. Ambulansen er perfekt utstyrt for medisinske n\u00f8dsituasjoner. Figuren kan bruke stetoskopet p\u00e5 den inkluderte pasienten og m\u00e5le blodtrykket deres. Om n\u00f8dvendig kan bandasjer p\u00e5f\u00f8res raskt og krykker st\u00f8tter helingsprosessen. BRUDER tilbyr en rekke utrykningskj\u00f8ret\u00f8yer og forbedrende funksjoner for \u00e5 fullstendig gjenskape utplasseringen av n\u00f8detatene.<\/p>\n","protected":false},"excerpt":{"rendered":"<p>Bruder<\/p>\n","protected":false},"featured_media":0,"template":"","meta":{"content-type":"","_monsterinsights_skip_tracking":false,"_monsterinsights_sitenote_active":false,"_monsterinsights_sitenote_note":"","_monsterinsights_sitenote_category":0},"product_brand":[],"product_cat":[1705],"product_tag":[],"brand":[],"target-group":[],"discontinued":[],"class_list":{"0":"post-654341","1":"product","2":"type-product","3":"status-publish","5":"product_cat-bruder-leker","7":"first","8":"instock","9":"taxable","10":"shipping-taxable","11":"product-type-simple"},"aioseo_notices":[],"_links":{"self":[{"href":"https:\/\/games.tactic.net\/no\/wp-json\/wp\/v2\/product\/654341","targetHints":{"allow":["GET"]}}],"collection":[{"href":"https:\/\/games.tactic.net\/no\/wp-json\/wp\/v2\/product"}],"about":[{"href":"https:\/\/games.tactic.net\/no\/wp-json\/wp\/v2\/types\/product"}],"wp:attachment":[{"href":"https:\/\/games.tactic.net\/no\/wp-json\/wp\/v2\/media?parent=654341"}],"wp:term":[{"taxonomy":"product_brand","embeddable":true,"href":"https:\/\/games.tactic.net\/no\/wp-json\/wp\/v2\/product_brand?post=654341"},{"taxonomy":"product_cat","embeddable":true,"href":"https:\/\/games.tactic.net\/no\/wp-json\/wp\/v2\/product_cat?post=654341"},{"taxonomy":"product_tag","embeddable":true,"href":"https:\/\/games.tactic.net\/no\/wp-json\/wp\/v2\/product_tag?post=654341"},{"taxonomy":"brand","embeddable":true,"href":"https:\/\/games.tactic.net\/no\/wp-json\/wp\/v2\/brand?post=654341"},{"taxonomy":"target-group","embeddable":true,"href":"https:\/\/games.tactic.net\/no\/wp-json\/wp\/v2\/target-group?post=654341"},{"taxonomy":"discontinued","embeddable":true,"href":"https:\/\/games.tactic.net\/no\/wp-json\/wp\/v2\/discontinued?post=654341"}],"curies":[{"name":"wp","href":"https:\/\/api.w.org\/{rel}","templated":true}]}}