{"id":654241,"date":"2022-10-24T08:51:29","date_gmt":"2022-10-24T05:51:29","guid":{"rendered":"http:\/\/games.tactic.net\/tuote\/steyr-6300-terrus-cvt\/"},"modified":"2023-10-20T17:03:50","modified_gmt":"2023-10-20T14:03:50","slug":"steyr-6300-terrus-cvt","status":"publish","type":"product","link":"https:\/\/games.tactic.net\/no\/tuote\/steyr-6300-terrus-cvt\/","title":{"rendered":"Steyr 6300 Terrus CVT tractor toy"},"content":{"rendered":"<p>Steyr Terrus CVT med en effekt p\u00e5 300 hk er den nye toppmodellen til den \u00f8sterrikske traktorprodusenten. Takket v\u00e6re sin ideelle ytelsesvekt er denne traktoren forutbestemt for rask transport og tunge landbruksapplikasjoner. Den nye BRUDER-modellen i skala 1:16 t\u00e5ler det hele. F\u00f8rerhuset er helglass og har d\u00f8rer som er enkle \u00e5 \u00e5pne. Panseret kan \u00e5pnes for \u00e5 gi tilgang til den imponerende motoren. Utmerkede kj\u00f8reegenskaper og kj\u00f8rekomfort er garantert takket v\u00e6re den installerte oscillerende akselen samt rattforlengelsen som er satt inn gjennom taket. Du kan forbedre modellen ved \u00e5 feste en slip-on frontlaster. Den h\u00f8ydejusterbare bakkoblingen er kompatibel med alle Pro Series tilhengere. De nye, avtakbare hjulene \u00f8ker moroa. Alle BRUDER landbrukshengere og utstyr er kompatible med denne traktoren. Denne modellen er ogs\u00e5 kompatibel med den valgfrie lys- og lydmodulen for \u00e5 legge til moroa.<\/p>\n","protected":false},"excerpt":{"rendered":"<p>Bruder<\/p>\n","protected":false},"featured_media":0,"template":"","meta":{"content-type":"","_monsterinsights_skip_tracking":false,"_monsterinsights_sitenote_active":false,"_monsterinsights_sitenote_note":"","_monsterinsights_sitenote_category":0},"product_brand":[],"product_cat":[1705],"product_tag":[],"brand":[],"target-group":[],"discontinued":[],"class_list":{"0":"post-654241","1":"product","2":"type-product","3":"status-publish","5":"product_cat-bruder-leker","7":"first","8":"instock","9":"taxable","10":"shipping-taxable","11":"product-type-simple"},"aioseo_notices":[],"_links":{"self":[{"href":"https:\/\/games.tactic.net\/no\/wp-json\/wp\/v2\/product\/654241","targetHints":{"allow":["GET"]}}],"collection":[{"href":"https:\/\/games.tactic.net\/no\/wp-json\/wp\/v2\/product"}],"about":[{"href":"https:\/\/games.tactic.net\/no\/wp-json\/wp\/v2\/types\/product"}],"wp:attachment":[{"href":"https:\/\/games.tactic.net\/no\/wp-json\/wp\/v2\/media?parent=654241"}],"wp:term":[{"taxonomy":"product_brand","embeddable":true,"href":"https:\/\/games.tactic.net\/no\/wp-json\/wp\/v2\/product_brand?post=654241"},{"taxonomy":"product_cat","embeddable":true,"href":"https:\/\/games.tactic.net\/no\/wp-json\/wp\/v2\/product_cat?post=654241"},{"taxonomy":"product_tag","embeddable":true,"href":"https:\/\/games.tactic.net\/no\/wp-json\/wp\/v2\/product_tag?post=654241"},{"taxonomy":"brand","embeddable":true,"href":"https:\/\/games.tactic.net\/no\/wp-json\/wp\/v2\/brand?post=654241"},{"taxonomy":"target-group","embeddable":true,"href":"https:\/\/games.tactic.net\/no\/wp-json\/wp\/v2\/target-group?post=654241"},{"taxonomy":"discontinued","embeddable":true,"href":"https:\/\/games.tactic.net\/no\/wp-json\/wp\/v2\/discontinued?post=654241"}],"curies":[{"name":"wp","href":"https:\/\/api.w.org\/{rel}","templated":true}]}}