{"id":654226,"date":"2022-10-24T08:51:11","date_gmt":"2022-10-24T05:51:11","guid":{"rendered":"http:\/\/games.tactic.net\/tuote\/ram-2500-power-wagon\/"},"modified":"2023-10-20T16:56:14","modified_gmt":"2023-10-20T13:56:14","slug":"ram-2500-power-wagon","status":"publish","type":"product","link":"https:\/\/games.tactic.net\/no\/tuote\/ram-2500-power-wagon\/","title":{"rendered":"Dodge Ram 2500 Power Wagon"},"content":{"rendered":"<p>I ordets rette forstand er RAM 2500 Power Wagon en kraftig lastebil fra RAM Trucks. Holdbarheten og offroad-egenskapene er legendariske og unike den dag i dag. Dette kj\u00f8ret\u00f8yet er ogs\u00e5 veldig imponerende n\u00e5r det gjelder ytelse. Dens V8 HEMI-motor yter 410 hk og genererer et dreiemoment p\u00e5 582 Nm. Dette kraftige kj\u00f8ret\u00f8yet med sin sl\u00e5ende Power Wagon-design er n\u00e5 lagt til BRUDER-serien. Akkurat som den ekte varen har leket\u00f8yet et mannskapsf\u00f8rerhus med fire d\u00f8rer. Alle d\u00f8rer \u00e5pnes for \u00e5 romme fire bworld-figurer. Denne modellen i skala 1:16 har fj\u00e6ring p\u00e5 begge aksler for \u00e5 gi kj\u00f8rekomfort og offroad-evne. I denne sammenhengen kan forakselen styres ved hjelp av den medf\u00f8lgende rattforlengeren. Bakluken \u00e5pnes for transport av last og lasteomr\u00e5det gir plass til BRUDER paller, pallebur eller halmballer (ikke inkludert). Den valgfrie lys- og lydmodulen kan installeres etter \u00e5 ha \u00e5pnet soltaket for \u00e5 \u00f8ke moroa ytterligere.<\/p>\n","protected":false},"excerpt":{"rendered":"<p>Bruder<\/p>\n","protected":false},"featured_media":0,"template":"","meta":{"content-type":"","_monsterinsights_skip_tracking":false,"_monsterinsights_sitenote_active":false,"_monsterinsights_sitenote_note":"","_monsterinsights_sitenote_category":0},"product_brand":[],"product_cat":[1705],"product_tag":[],"brand":[],"target-group":[],"discontinued":[],"class_list":{"0":"post-654226","1":"product","2":"type-product","3":"status-publish","5":"product_cat-bruder-leker","7":"first","8":"instock","9":"taxable","10":"shipping-taxable","11":"product-type-simple"},"aioseo_notices":[],"_links":{"self":[{"href":"https:\/\/games.tactic.net\/no\/wp-json\/wp\/v2\/product\/654226","targetHints":{"allow":["GET"]}}],"collection":[{"href":"https:\/\/games.tactic.net\/no\/wp-json\/wp\/v2\/product"}],"about":[{"href":"https:\/\/games.tactic.net\/no\/wp-json\/wp\/v2\/types\/product"}],"wp:attachment":[{"href":"https:\/\/games.tactic.net\/no\/wp-json\/wp\/v2\/media?parent=654226"}],"wp:term":[{"taxonomy":"product_brand","embeddable":true,"href":"https:\/\/games.tactic.net\/no\/wp-json\/wp\/v2\/product_brand?post=654226"},{"taxonomy":"product_cat","embeddable":true,"href":"https:\/\/games.tactic.net\/no\/wp-json\/wp\/v2\/product_cat?post=654226"},{"taxonomy":"product_tag","embeddable":true,"href":"https:\/\/games.tactic.net\/no\/wp-json\/wp\/v2\/product_tag?post=654226"},{"taxonomy":"brand","embeddable":true,"href":"https:\/\/games.tactic.net\/no\/wp-json\/wp\/v2\/brand?post=654226"},{"taxonomy":"target-group","embeddable":true,"href":"https:\/\/games.tactic.net\/no\/wp-json\/wp\/v2\/target-group?post=654226"},{"taxonomy":"discontinued","embeddable":true,"href":"https:\/\/games.tactic.net\/no\/wp-json\/wp\/v2\/discontinued?post=654226"}],"curies":[{"name":"wp","href":"https:\/\/api.w.org\/{rel}","templated":true}]}}