{"id":653979,"date":"2022-10-24T08:46:19","date_gmt":"2022-10-24T05:46:19","guid":{"rendered":"http:\/\/games.tactic.net\/tuote\/conveyer-belt\/"},"modified":"2023-10-20T15:45:09","modified_gmt":"2023-10-20T12:45:09","slug":"conveyer-belt","status":"publish","type":"product","link":"https:\/\/games.tactic.net\/no\/tuote\/conveyer-belt\/","title":{"rendered":"Transportb\u00e5nd"},"content":{"rendered":"<p>Siden antikken har transportb\u00e5nd hjulpet mennesker med \u00e5 transportere, l\u00f8fte og senke tunge laster, som steiner, t\u00f8mmer, bulkmateriale og andre. For \u00e5 gj\u00f8re det lettere for v\u00e5re sm\u00e5 byggmestere og b\u00f8nder \u00e5 fullf\u00f8re oppgavene sine, lanserer BRUDER n\u00e5 et topp moderne transportb\u00e5nd. Dette verkt\u00f8yet har en attraktiv design, og l\u00f8fte- og transportmekanismene er enkle \u00e5 bruke takket v\u00e6re den installerte sveiven. Mekanismene kan brukes til \u00e5 l\u00f8fte h\u00f8yballer over p\u00e5 tilhengeren og transportere dem til fj\u00f8set samt transportere og losse sand eller stein p\u00e5\/fra lastebiler. Transportb\u00e5ndet kan ogs\u00e5 hektes p\u00e5 alle BRUDER slepekj\u00f8ret\u00f8yer, som traktorer, Unimogs, lastebiler (inkludert Sprinter) og anleggsbiler utstyrt med trekkkobling.<\/p>\n","protected":false},"excerpt":{"rendered":"<p>Transport, l\u00f8ft og senk tung last som for eksempel steiner og t\u00f8mmer med dette uts\u00f8kte transportb\u00e5ndet! B\u00e5ndets l\u00f8fte og transport mekanismer er enkle \u00e5 bruke takket v\u00e6re den hendige handsveiven.<\/p>\n","protected":false},"featured_media":0,"template":"","meta":{"content-type":"","_monsterinsights_skip_tracking":false,"_monsterinsights_sitenote_active":false,"_monsterinsights_sitenote_note":"","_monsterinsights_sitenote_category":0},"product_brand":[],"product_cat":[1705],"product_tag":[],"brand":[],"target-group":[],"discontinued":[],"class_list":{"0":"post-653979","1":"product","2":"type-product","3":"status-publish","5":"product_cat-bruder-leker","7":"first","8":"instock","9":"taxable","10":"shipping-taxable","11":"product-type-simple"},"aioseo_notices":[],"_links":{"self":[{"href":"https:\/\/games.tactic.net\/no\/wp-json\/wp\/v2\/product\/653979","targetHints":{"allow":["GET"]}}],"collection":[{"href":"https:\/\/games.tactic.net\/no\/wp-json\/wp\/v2\/product"}],"about":[{"href":"https:\/\/games.tactic.net\/no\/wp-json\/wp\/v2\/types\/product"}],"wp:attachment":[{"href":"https:\/\/games.tactic.net\/no\/wp-json\/wp\/v2\/media?parent=653979"}],"wp:term":[{"taxonomy":"product_brand","embeddable":true,"href":"https:\/\/games.tactic.net\/no\/wp-json\/wp\/v2\/product_brand?post=653979"},{"taxonomy":"product_cat","embeddable":true,"href":"https:\/\/games.tactic.net\/no\/wp-json\/wp\/v2\/product_cat?post=653979"},{"taxonomy":"product_tag","embeddable":true,"href":"https:\/\/games.tactic.net\/no\/wp-json\/wp\/v2\/product_tag?post=653979"},{"taxonomy":"brand","embeddable":true,"href":"https:\/\/games.tactic.net\/no\/wp-json\/wp\/v2\/brand?post=653979"},{"taxonomy":"target-group","embeddable":true,"href":"https:\/\/games.tactic.net\/no\/wp-json\/wp\/v2\/target-group?post=653979"},{"taxonomy":"discontinued","embeddable":true,"href":"https:\/\/games.tactic.net\/no\/wp-json\/wp\/v2\/discontinued?post=653979"}],"curies":[{"name":"wp","href":"https:\/\/api.w.org\/{rel}","templated":true}]}}