{"id":653950,"date":"2022-10-24T08:30:30","date_gmt":"2022-10-24T05:30:30","guid":{"rendered":"http:\/\/games.tactic.net\/tuote\/tipping-trailer-with-removable-top\/"},"modified":"2023-10-20T17:06:23","modified_gmt":"2023-10-20T14:06:23","slug":"tipping-trailer-with-removable-top","status":"publish","type":"product","link":"https:\/\/games.tactic.net\/no\/tuote\/tipping-trailer-with-removable-top\/","title":{"rendered":"Tipphenger med avtagbar topp"},"content":{"rendered":"<p>Lemmene til tipp-tandemakselhengeren kan \u00e5pnes p\u00e5 tre sider. Kornutl\u00f8pssleiden kan ogs\u00e5 \u00e5pnes, og de \u00f8vre holdelemmene er avtagbare. Stabilisatoren s\u00f8rger for stabilitet, og gummidekk kompletterer bildet. Tandem-aksel tipphengeren kan kombineres med alle traktorer i Profi-serien (ikke inkludert).<\/p>\n","protected":false},"excerpt":{"rendered":"<p>Lemmene til denne tippvognen kan \u00e5pnes p\u00e5 tre sider og de \u00f8verste lemmene kan ogs\u00e5 taes av. Ved hjelp av en stabilisator s\u00e5 st\u00e5r vognen st\u00f8tt ogs\u00e5 alene. Kommer ogs\u00e5 med m\u00f8nsterdekk.<\/p>\n","protected":false},"featured_media":0,"template":"","meta":{"content-type":"","_monsterinsights_skip_tracking":false,"_monsterinsights_sitenote_active":false,"_monsterinsights_sitenote_note":"","_monsterinsights_sitenote_category":0},"product_brand":[],"product_cat":[1705],"product_tag":[],"brand":[],"target-group":[],"discontinued":[],"class_list":{"0":"post-653950","1":"product","2":"type-product","3":"status-publish","5":"product_cat-bruder-leker","7":"first","8":"outofstock","9":"taxable","10":"shipping-taxable","11":"product-type-simple"},"aioseo_notices":[],"_links":{"self":[{"href":"https:\/\/games.tactic.net\/no\/wp-json\/wp\/v2\/product\/653950","targetHints":{"allow":["GET"]}}],"collection":[{"href":"https:\/\/games.tactic.net\/no\/wp-json\/wp\/v2\/product"}],"about":[{"href":"https:\/\/games.tactic.net\/no\/wp-json\/wp\/v2\/types\/product"}],"wp:attachment":[{"href":"https:\/\/games.tactic.net\/no\/wp-json\/wp\/v2\/media?parent=653950"}],"wp:term":[{"taxonomy":"product_brand","embeddable":true,"href":"https:\/\/games.tactic.net\/no\/wp-json\/wp\/v2\/product_brand?post=653950"},{"taxonomy":"product_cat","embeddable":true,"href":"https:\/\/games.tactic.net\/no\/wp-json\/wp\/v2\/product_cat?post=653950"},{"taxonomy":"product_tag","embeddable":true,"href":"https:\/\/games.tactic.net\/no\/wp-json\/wp\/v2\/product_tag?post=653950"},{"taxonomy":"brand","embeddable":true,"href":"https:\/\/games.tactic.net\/no\/wp-json\/wp\/v2\/brand?post=653950"},{"taxonomy":"target-group","embeddable":true,"href":"https:\/\/games.tactic.net\/no\/wp-json\/wp\/v2\/target-group?post=653950"},{"taxonomy":"discontinued","embeddable":true,"href":"https:\/\/games.tactic.net\/no\/wp-json\/wp\/v2\/discontinued?post=653950"}],"curies":[{"name":"wp","href":"https:\/\/api.w.org\/{rel}","templated":true}]}}