{"id":652824,"date":"2022-10-20T17:07:45","date_gmt":"2022-10-20T14:07:45","guid":{"rendered":"http:\/\/games.tactic.net\/tuote\/vikings-tales-odins-table\/"},"modified":"2023-10-25T16:52:59","modified_gmt":"2023-10-25T13:52:59","slug":"vikings-tales-odins-table","status":"publish","type":"product","link":"https:\/\/games.tactic.net\/no\/tuote\/vikings-tales-odins-table\/","title":{"rendered":"Vikings\u2019 Tales Odin\u2019s Table board game"},"content":{"rendered":"<p>Bruk gudene for \u00e5 vinne dette spillet med taktikk og bl\u00f8ff! I dette strategiske brettspillet kjemper to spillere om seieren ved hjelp av de gamle vikinggudene. Med Odin\u2019s overlegne krefter, Loki\u2019s klokskap og styrken til \u00e5tte andre guder, tar spillerne sikte p\u00e5 \u00e5 plassere tre brikker i fiendens fort. &#8211; Inneholder imponerende spillbrikker av tre! &#8211; En hard kamp for to spillere.<\/p>\n","protected":false},"excerpt":{"rendered":"<p>Bruk gudene for \u00e5 vinne dette spillet med taktikk og bl\u00f8ff! I dette strategiske brettspillet kjemper to spillere om seieren ved hjelp av de gamle vikinggudene. Med Odin\u2019s overlegne krefter, Loki\u2019s klokskap og styrken til \u00e5tte andre guder, tar spillerne sikte p\u00e5 \u00e5 plassere tre brikker i fiendens fort.<\/p>\n","protected":false},"featured_media":0,"template":"","meta":{"content-type":"","_monsterinsights_skip_tracking":false,"_monsterinsights_sitenote_active":false,"_monsterinsights_sitenote_note":"","_monsterinsights_sitenote_category":0},"product_brand":[],"product_cat":[1456],"product_tag":[1239],"brand":[{"id":884,"name":"Gamestorm Studio","slug":"gametormstudio"}],"target-group":[],"discontinued":[],"class_list":{"0":"post-652824","1":"product","2":"type-product","3":"status-publish","5":"product_cat-strategispill-familiespill","6":"product_tag-strategi-no","7":"brand-gametormstudio","9":"first","10":"instock","11":"taxable","12":"shipping-taxable","13":"product-type-simple"},"aioseo_notices":[],"_links":{"self":[{"href":"https:\/\/games.tactic.net\/no\/wp-json\/wp\/v2\/product\/652824","targetHints":{"allow":["GET"]}}],"collection":[{"href":"https:\/\/games.tactic.net\/no\/wp-json\/wp\/v2\/product"}],"about":[{"href":"https:\/\/games.tactic.net\/no\/wp-json\/wp\/v2\/types\/product"}],"wp:attachment":[{"href":"https:\/\/games.tactic.net\/no\/wp-json\/wp\/v2\/media?parent=652824"}],"wp:term":[{"taxonomy":"product_brand","embeddable":true,"href":"https:\/\/games.tactic.net\/no\/wp-json\/wp\/v2\/product_brand?post=652824"},{"taxonomy":"product_cat","embeddable":true,"href":"https:\/\/games.tactic.net\/no\/wp-json\/wp\/v2\/product_cat?post=652824"},{"taxonomy":"product_tag","embeddable":true,"href":"https:\/\/games.tactic.net\/no\/wp-json\/wp\/v2\/product_tag?post=652824"},{"taxonomy":"brand","embeddable":true,"href":"https:\/\/games.tactic.net\/no\/wp-json\/wp\/v2\/brand?post=652824"},{"taxonomy":"target-group","embeddable":true,"href":"https:\/\/games.tactic.net\/no\/wp-json\/wp\/v2\/target-group?post=652824"},{"taxonomy":"discontinued","embeddable":true,"href":"https:\/\/games.tactic.net\/no\/wp-json\/wp\/v2\/discontinued?post=652824"}],"curies":[{"name":"wp","href":"https:\/\/api.w.org\/{rel}","templated":true}]}}