{"id":651498,"date":"2022-10-20T11:06:54","date_gmt":"2022-10-20T08:06:54","guid":{"rendered":"http:\/\/games.tactic.net\/tuote\/krone-big-pack-1290-with-2-square-bales-of-hay\/"},"modified":"2024-01-12T09:44:38","modified_gmt":"2024-01-12T07:44:38","slug":"krone-big-pack-1290-with-2-square-bales-of-hay","status":"publish","type":"product","link":"https:\/\/games.tactic.net\/no\/tuote\/krone-big-pack-1290-with-2-square-bales-of-hay\/","title":{"rendered":"Krone Big Pack 1290 HDP VC med 2 firkantede h\u00f8yballer"},"content":{"rendered":"<p>Krone er en innovativ produsent av h\u00f8stemaskiner. Med den nye serien med store firkantballepresser fra BiG Pack, viser KRONE igjen sin uforminskede innovative kraft etter over 25 \u00e5r. BiG Pack 1290 er toppmodellen fra KRONE og er n\u00e5 tilgjengelig i BRUDERs landbrukssortiment. Akkurat som originalen har leket\u00f8yet ogs\u00e5 imponerende og innovative funksjoner. Den hengslede h\u00f8ypickupen drives av sidehjul. Sideklaffene kan \u00e5pnes og gir tilgang til den detaljerte mekanismen. To store h\u00f8yballer kan plasseres over midtklaffen, og ballepressen transporterer dem automatisk til utl\u00f8pet n\u00e5r pickupen er aktiv. Denne spennende nye modellen fra BRUDER er kompatibel med alle traktorer i 2000-, 3000- og 4000-serien. Legg til blokkh\u00f8yballetilbeh\u00f8ret (varenr. 02342) for \u00e5 gj\u00f8re det enda morsommere.<\/p>\n","protected":false},"excerpt":{"rendered":"<p>Bruder<\/p>\n","protected":false},"featured_media":0,"template":"","meta":{"content-type":"","_monsterinsights_skip_tracking":false,"_monsterinsights_sitenote_active":false,"_monsterinsights_sitenote_note":"","_monsterinsights_sitenote_category":0},"product_brand":[],"product_cat":[1705],"product_tag":[],"brand":[],"target-group":[],"discontinued":[],"class_list":{"0":"post-651498","1":"product","2":"type-product","3":"status-publish","5":"product_cat-bruder-leker","7":"first","8":"instock","9":"taxable","10":"shipping-taxable","11":"product-type-simple"},"aioseo_notices":[],"_links":{"self":[{"href":"https:\/\/games.tactic.net\/no\/wp-json\/wp\/v2\/product\/651498","targetHints":{"allow":["GET"]}}],"collection":[{"href":"https:\/\/games.tactic.net\/no\/wp-json\/wp\/v2\/product"}],"about":[{"href":"https:\/\/games.tactic.net\/no\/wp-json\/wp\/v2\/types\/product"}],"wp:attachment":[{"href":"https:\/\/games.tactic.net\/no\/wp-json\/wp\/v2\/media?parent=651498"}],"wp:term":[{"taxonomy":"product_brand","embeddable":true,"href":"https:\/\/games.tactic.net\/no\/wp-json\/wp\/v2\/product_brand?post=651498"},{"taxonomy":"product_cat","embeddable":true,"href":"https:\/\/games.tactic.net\/no\/wp-json\/wp\/v2\/product_cat?post=651498"},{"taxonomy":"product_tag","embeddable":true,"href":"https:\/\/games.tactic.net\/no\/wp-json\/wp\/v2\/product_tag?post=651498"},{"taxonomy":"brand","embeddable":true,"href":"https:\/\/games.tactic.net\/no\/wp-json\/wp\/v2\/brand?post=651498"},{"taxonomy":"target-group","embeddable":true,"href":"https:\/\/games.tactic.net\/no\/wp-json\/wp\/v2\/target-group?post=651498"},{"taxonomy":"discontinued","embeddable":true,"href":"https:\/\/games.tactic.net\/no\/wp-json\/wp\/v2\/discontinued?post=651498"}],"curies":[{"name":"wp","href":"https:\/\/api.w.org\/{rel}","templated":true}]}}