{"id":651368,"date":"2022-10-20T11:05:20","date_gmt":"2022-10-20T08:05:20","guid":{"rendered":"http:\/\/games.tactic.net\/tuote\/mb-sprinter-animal-transport-with-horse\/"},"modified":"2024-01-12T09:46:52","modified_gmt":"2024-01-12T07:46:52","slug":"mb-sprinter-animal-transport-with-horse","status":"publish","type":"product","link":"https:\/\/games.tactic.net\/no\/tuote\/mb-sprinter-animal-transport-with-horse\/","title":{"rendered":"Bruder Mercedes-Benz Sprinter Dyretransport med hest lekesett"},"content":{"rendered":"<p>Banebrytende, effektiv, p\u00e5litelig \u2013 nye Mercedes-Benz Sprinter er fortsatt den allsidige transportproffen. BRUDERs dyretransporter har moderne, dyrevelferdstilpasset kasse med justerbar innvendig skillevegg og to vanntroer. Rampen kan felles ned for inn- og utlasting; rampegitter s\u00f8rger for sk\u00e5nsom f\u00f8ring av hestene. En hest i skala f\u00f8lger med; flere hester finnes under 02306. Maksimalt to hester kan fraktes. bworld-stallen (62506) er det perfekte tilbeh\u00f8ret.<\/p>\n","protected":false},"excerpt":{"rendered":"<p>Sprinter dyretransport: moderne karosseri, flyttbar skillevegg, f\u00f4rtrau og rampe med gitter. Inkluderer en hest. Plass til to dyr totalt.<\/p>\n","protected":false},"featured_media":0,"template":"","meta":{"content-type":"","_monsterinsights_skip_tracking":false,"_monsterinsights_sitenote_active":false,"_monsterinsights_sitenote_note":"","_monsterinsights_sitenote_category":0},"product_brand":[],"product_cat":[1705],"product_tag":[],"brand":[],"target-group":[],"discontinued":[],"class_list":{"0":"post-651368","1":"product","2":"type-product","3":"status-publish","5":"product_cat-bruder-leker","7":"first","8":"instock","9":"taxable","10":"shipping-taxable","11":"product-type-simple"},"aioseo_notices":[],"_links":{"self":[{"href":"https:\/\/games.tactic.net\/no\/wp-json\/wp\/v2\/product\/651368","targetHints":{"allow":["GET"]}}],"collection":[{"href":"https:\/\/games.tactic.net\/no\/wp-json\/wp\/v2\/product"}],"about":[{"href":"https:\/\/games.tactic.net\/no\/wp-json\/wp\/v2\/types\/product"}],"wp:attachment":[{"href":"https:\/\/games.tactic.net\/no\/wp-json\/wp\/v2\/media?parent=651368"}],"wp:term":[{"taxonomy":"product_brand","embeddable":true,"href":"https:\/\/games.tactic.net\/no\/wp-json\/wp\/v2\/product_brand?post=651368"},{"taxonomy":"product_cat","embeddable":true,"href":"https:\/\/games.tactic.net\/no\/wp-json\/wp\/v2\/product_cat?post=651368"},{"taxonomy":"product_tag","embeddable":true,"href":"https:\/\/games.tactic.net\/no\/wp-json\/wp\/v2\/product_tag?post=651368"},{"taxonomy":"brand","embeddable":true,"href":"https:\/\/games.tactic.net\/no\/wp-json\/wp\/v2\/brand?post=651368"},{"taxonomy":"target-group","embeddable":true,"href":"https:\/\/games.tactic.net\/no\/wp-json\/wp\/v2\/target-group?post=651368"},{"taxonomy":"discontinued","embeddable":true,"href":"https:\/\/games.tactic.net\/no\/wp-json\/wp\/v2\/discontinued?post=651368"}],"curies":[{"name":"wp","href":"https:\/\/api.w.org\/{rel}","templated":true}]}}