{"id":651196,"date":"2022-10-20T11:04:28","date_gmt":"2022-10-20T08:04:28","guid":{"rendered":"http:\/\/games.tactic.net\/tuote\/mb-sprinter-autotransporter-with-ls-module\/"},"modified":"2024-01-12T09:48:14","modified_gmt":"2024-01-12T07:48:14","slug":"mb-sprinter-autotransporter-with-ls-module","status":"publish","type":"product","link":"https:\/\/games.tactic.net\/no\/tuote\/mb-sprinter-autotransporter-with-ls-module\/","title":{"rendered":"Mercedes-Benz Sprinter Transporter med lys- og lydmodul og roadster"},"content":{"rendered":"<p>Banebrytende, effektiv, p\u00e5litelig \u2013 slik beskriver Mercedes-Benz den nye Sprinter. Den siste generasjonen av Sprinter fortsetter \u00e5 v\u00e6re den allsidige og popul\u00e6re transportproffen. BRUDERs omfattende utvalg inkluderer de nyeste Sprinterne i et bredt spekter av design. Den stilige og moderne designen til biltransport\u00f8ren er tydelig ved f\u00f8rste \u00f8yekast. Biltransporteren har en plattform som er modellert ned til siste detalj av originalen. I tillegg til h\u00f8ykvalitetsd\u00f8rene med innvendig panel og lys- og lydmodulen, er kabelvinsjen et spesielt h\u00f8ydepunkt. Med denne kabelvinsjen kan \u00f8delagte kj\u00f8ret\u00f8y fjernes fra selv de vanskeligste situasjoner. De sidemonterte verkt\u00f8ykassene brukes til \u00e5 oppbevare hjulklossene, og atkomstrampene kan ogs\u00e5 skyves direkte inn i chassiset. Den nye BRUDER roadsteren har et avtakbart tak og kan romme enhver BRUDER-figur. For enda mer lekeglede har kj\u00f8ret\u00f8yet det nye hjulskiftesystemet installert.<\/p>\n","protected":false},"excerpt":{"rendered":"<p>Bruder<\/p>\n","protected":false},"featured_media":0,"template":"","meta":{"content-type":"","_monsterinsights_skip_tracking":false,"_monsterinsights_sitenote_active":false,"_monsterinsights_sitenote_note":"","_monsterinsights_sitenote_category":0},"product_brand":[],"product_cat":[1705],"product_tag":[],"brand":[],"target-group":[],"discontinued":[],"class_list":{"0":"post-651196","1":"product","2":"type-product","3":"status-publish","5":"product_cat-bruder-leker","7":"first","8":"instock","9":"taxable","10":"shipping-taxable","11":"product-type-simple"},"aioseo_notices":[],"_links":{"self":[{"href":"https:\/\/games.tactic.net\/no\/wp-json\/wp\/v2\/product\/651196","targetHints":{"allow":["GET"]}}],"collection":[{"href":"https:\/\/games.tactic.net\/no\/wp-json\/wp\/v2\/product"}],"about":[{"href":"https:\/\/games.tactic.net\/no\/wp-json\/wp\/v2\/types\/product"}],"wp:attachment":[{"href":"https:\/\/games.tactic.net\/no\/wp-json\/wp\/v2\/media?parent=651196"}],"wp:term":[{"taxonomy":"product_brand","embeddable":true,"href":"https:\/\/games.tactic.net\/no\/wp-json\/wp\/v2\/product_brand?post=651196"},{"taxonomy":"product_cat","embeddable":true,"href":"https:\/\/games.tactic.net\/no\/wp-json\/wp\/v2\/product_cat?post=651196"},{"taxonomy":"product_tag","embeddable":true,"href":"https:\/\/games.tactic.net\/no\/wp-json\/wp\/v2\/product_tag?post=651196"},{"taxonomy":"brand","embeddable":true,"href":"https:\/\/games.tactic.net\/no\/wp-json\/wp\/v2\/brand?post=651196"},{"taxonomy":"target-group","embeddable":true,"href":"https:\/\/games.tactic.net\/no\/wp-json\/wp\/v2\/target-group?post=651196"},{"taxonomy":"discontinued","embeddable":true,"href":"https:\/\/games.tactic.net\/no\/wp-json\/wp\/v2\/discontinued?post=651196"}],"curies":[{"name":"wp","href":"https:\/\/api.w.org\/{rel}","templated":true}]}}