{"id":650982,"date":"2022-10-20T11:03:20","date_gmt":"2022-10-20T08:03:20","guid":{"rendered":"http:\/\/games.tactic.net\/tuote\/mb-sprinter-ambulance-with-driver-and-ls\/"},"modified":"2024-01-12T09:45:48","modified_gmt":"2024-01-12T07:45:48","slug":"mb-sprinter-ambulance-with-driver-and-ls","status":"publish","type":"product","link":"https:\/\/games.tactic.net\/no\/tuote\/mb-sprinter-ambulance-with-driver-and-ls\/","title":{"rendered":"Bruder Mercedes-Benz Sprinter Ambulanse med sj\u00e5f\u00f8r lekesett"},"content":{"rendered":"<p>Banebrytende, effektiv, p\u00e5litelig \u2013 slik beskriver Mercedes-Benz nye Sprinter. Den nyeste generasjonen er fortsatt den allsidige transportproffen. BRUDERs serie omfatter de siste Sprinterne i mange varianter. N\u00e5 utvides sortimentet med MB Sprinter ambulanse. Den medf\u00f8lgende ambulansearbeideren kommer inn via \u00e5pne d\u00f8rer. Med ny lys- og lydmodul og ulike sirener og lys n\u00e5r ambulansen raskt og trygt fram. Behandlingsomr\u00e5det n\u00e5s via bakd\u00f8rer, sided\u00f8r og avtakbart tak. En h\u00f8ydejusterbar b\u00e5re glir inn og ut \u2013 \u00abakkurat som i virkeligheten\u00bb. Suppl\u00e9r gjerne med sett 62710 (paramediker og pasient) og bworld sykehusavdeling (62711).<\/p>\n","protected":false},"excerpt":{"rendered":"<p>Mercedes-Benz Sprinter ambulanse: moderne modell med mange funksjoner. Inkluderer lys- og lydmodul og paramedic. Et h\u00f8ydepunkt i BRUDERs redningsserie.<\/p>\n","protected":false},"featured_media":0,"template":"","meta":{"content-type":"","_monsterinsights_skip_tracking":false,"_monsterinsights_sitenote_active":false,"_monsterinsights_sitenote_note":"","_monsterinsights_sitenote_category":0},"product_brand":[],"product_cat":[1705],"product_tag":[],"brand":[],"target-group":[],"discontinued":[],"class_list":{"0":"post-650982","1":"product","2":"type-product","3":"status-publish","5":"product_cat-bruder-leker","7":"first","8":"instock","9":"taxable","10":"shipping-taxable","11":"product-type-simple"},"aioseo_notices":[],"_links":{"self":[{"href":"https:\/\/games.tactic.net\/no\/wp-json\/wp\/v2\/product\/650982","targetHints":{"allow":["GET"]}}],"collection":[{"href":"https:\/\/games.tactic.net\/no\/wp-json\/wp\/v2\/product"}],"about":[{"href":"https:\/\/games.tactic.net\/no\/wp-json\/wp\/v2\/types\/product"}],"wp:attachment":[{"href":"https:\/\/games.tactic.net\/no\/wp-json\/wp\/v2\/media?parent=650982"}],"wp:term":[{"taxonomy":"product_brand","embeddable":true,"href":"https:\/\/games.tactic.net\/no\/wp-json\/wp\/v2\/product_brand?post=650982"},{"taxonomy":"product_cat","embeddable":true,"href":"https:\/\/games.tactic.net\/no\/wp-json\/wp\/v2\/product_cat?post=650982"},{"taxonomy":"product_tag","embeddable":true,"href":"https:\/\/games.tactic.net\/no\/wp-json\/wp\/v2\/product_tag?post=650982"},{"taxonomy":"brand","embeddable":true,"href":"https:\/\/games.tactic.net\/no\/wp-json\/wp\/v2\/brand?post=650982"},{"taxonomy":"target-group","embeddable":true,"href":"https:\/\/games.tactic.net\/no\/wp-json\/wp\/v2\/target-group?post=650982"},{"taxonomy":"discontinued","embeddable":true,"href":"https:\/\/games.tactic.net\/no\/wp-json\/wp\/v2\/discontinued?post=650982"}],"curies":[{"name":"wp","href":"https:\/\/api.w.org\/{rel}","templated":true}]}}