{"id":650598,"date":"2022-10-20T10:59:25","date_gmt":"2022-10-20T07:59:25","guid":{"rendered":"http:\/\/games.tactic.net\/tuote\/mb-sprinter-municipal-with-driver-ls-and-access\/"},"modified":"2024-01-12T09:47:33","modified_gmt":"2024-01-12T07:47:33","slug":"mb-sprinter-municipal-with-driver-ls-and-access","status":"publish","type":"product","link":"https:\/\/games.tactic.net\/no\/tuote\/mb-sprinter-municipal-with-driver-ls-and-access\/","title":{"rendered":"Mercedes-Benz Sprinter Kommunal med driver, lys- og lydmodul, og tilbeh\u00f8r"},"content":{"rendered":"<p>Banebrytende, effektiv, p\u00e5litelig \u2013 slik beskriver Mercedes-Benz den nye Sprinter. Den siste generasjonen av Sprinter fortsetter \u00e5 v\u00e6re den allsidige og popul\u00e6re transportproffen. BRUDERs omfattende utvalg inkluderer de nyeste sprinterne i et bredt spekter av design. Reparasjoner og vedlikehold p\u00e5 veier, fortau og i parker er vanlig i alle byer og kommuner. Som et resultat av sin st\u00f8rrelse og allsidighet er Sprinter mange kommuners foretrukne kj\u00f8ret\u00f8y for denne typen arbeid. Denne uunnv\u00e6rlige hjelperen er n\u00e5 lagt til BRUDER-serien i en skala p\u00e5 1:16. Kj\u00f8ret\u00f8yet har en vippeplattform og sideporter som kan \u00e5pnes. Plug-in ramper er vedlagt for transport av sm\u00e5 kj\u00f8ret\u00f8y. BRUDER bygningsarbeideren inkludert trilleb\u00e5r, verkt\u00f8y, skilt og trafikkkjegler er ogs\u00e5 inkludert, slik at du umiddelbart kan begynne \u00e5 leke. Sprinter har en lys- og lydmodul for \u00e5 gj\u00f8re den lettere \u00e5 f\u00e5 \u00f8ye p\u00e5. I tillegg til tre forskjellige sirenelyder, kan modulen ogs\u00e5 sende ut kj\u00f8ret\u00f8yets motorlyd. F\u00f8lgelig er det ingen stopper for neste byggeplass p\u00e5 barnerommet ditt.<\/p>\n","protected":false},"excerpt":{"rendered":"<p>Bruder<\/p>\n","protected":false},"featured_media":0,"template":"","meta":{"content-type":"","_monsterinsights_skip_tracking":false,"_monsterinsights_sitenote_active":false,"_monsterinsights_sitenote_note":"","_monsterinsights_sitenote_category":0},"product_brand":[],"product_cat":[1705],"product_tag":[],"brand":[],"target-group":[],"discontinued":[],"class_list":{"0":"post-650598","1":"product","2":"type-product","3":"status-publish","5":"product_cat-bruder-leker","7":"first","8":"instock","9":"taxable","10":"shipping-taxable","11":"product-type-simple"},"aioseo_notices":[],"_links":{"self":[{"href":"https:\/\/games.tactic.net\/no\/wp-json\/wp\/v2\/product\/650598","targetHints":{"allow":["GET"]}}],"collection":[{"href":"https:\/\/games.tactic.net\/no\/wp-json\/wp\/v2\/product"}],"about":[{"href":"https:\/\/games.tactic.net\/no\/wp-json\/wp\/v2\/types\/product"}],"wp:attachment":[{"href":"https:\/\/games.tactic.net\/no\/wp-json\/wp\/v2\/media?parent=650598"}],"wp:term":[{"taxonomy":"product_brand","embeddable":true,"href":"https:\/\/games.tactic.net\/no\/wp-json\/wp\/v2\/product_brand?post=650598"},{"taxonomy":"product_cat","embeddable":true,"href":"https:\/\/games.tactic.net\/no\/wp-json\/wp\/v2\/product_cat?post=650598"},{"taxonomy":"product_tag","embeddable":true,"href":"https:\/\/games.tactic.net\/no\/wp-json\/wp\/v2\/product_tag?post=650598"},{"taxonomy":"brand","embeddable":true,"href":"https:\/\/games.tactic.net\/no\/wp-json\/wp\/v2\/brand?post=650598"},{"taxonomy":"target-group","embeddable":true,"href":"https:\/\/games.tactic.net\/no\/wp-json\/wp\/v2\/target-group?post=650598"},{"taxonomy":"discontinued","embeddable":true,"href":"https:\/\/games.tactic.net\/no\/wp-json\/wp\/v2\/discontinued?post=650598"}],"curies":[{"name":"wp","href":"https:\/\/api.w.org\/{rel}","templated":true}]}}