{"id":649832,"date":"2022-10-20T10:48:35","date_gmt":"2022-10-20T07:48:35","guid":{"rendered":"http:\/\/games.tactic.net\/tuote\/mb-sprinter-camper-with-driver\/"},"modified":"2025-01-13T09:38:22","modified_gmt":"2025-01-13T07:38:22","slug":"mb-sprinter-camper-with-driver","status":"archive","type":"product","link":"https:\/\/games.tactic.net\/no\/tuote\/mb-sprinter-camper-with-driver\/","title":{"rendered":"Mercedes-Benz Sprinter Camper med sj\u00e5f\u00f8r"},"content":{"rendered":"<p>Camping er ekstremt trendy. Registreringer av bobiler over hele Europa n\u00e5dde nye h\u00f8yder i 2018 og 2019. Dette spennende fritidstemaet kan n\u00e5 oppleves av unge campere takket v\u00e6re BRUDER. Den nye MB Sprinter er sv\u00e6rt vellykket som basismodell for bobiler. BRUDER-versjonen av den nye MB Sprinter-camperen har et imponerende detaljniv\u00e5 og allsidighet. D\u00f8ren til f\u00f8rerhuset og bakd\u00f8rene \u00e5pnes. Her har den medf\u00f8lgende bworld-figuren tilgang til integrert dobbeltseng og stort oppbevaringsrom. Et spesielt h\u00f8ydepunkt er den nyutviklede skyved\u00f8ren p\u00e5 passasjersiden, som gir tilgang til kj\u00f8kkenenheten. Campingbilen har et uttrekkbart fortelt for solfylte dager, samt stilige campingm\u00f8bler og servise.<\/p>\n","protected":false},"excerpt":{"rendered":"<p>Bruder<\/p>\n","protected":false},"featured_media":0,"template":"","meta":{"content-type":"","_monsterinsights_skip_tracking":false,"_monsterinsights_sitenote_active":false,"_monsterinsights_sitenote_note":"","_monsterinsights_sitenote_category":0},"product_brand":[],"product_cat":[1705],"product_tag":[],"brand":[],"target-group":[],"discontinued":[],"class_list":{"0":"post-649832","1":"product","2":"type-product","3":"status-archive","5":"product_cat-bruder-leker","7":"first","8":"outofstock","9":"taxable","10":"shipping-taxable","11":"product-type-simple"},"aioseo_notices":[],"_links":{"self":[{"href":"https:\/\/games.tactic.net\/no\/wp-json\/wp\/v2\/product\/649832","targetHints":{"allow":["GET"]}}],"collection":[{"href":"https:\/\/games.tactic.net\/no\/wp-json\/wp\/v2\/product"}],"about":[{"href":"https:\/\/games.tactic.net\/no\/wp-json\/wp\/v2\/types\/product"}],"wp:attachment":[{"href":"https:\/\/games.tactic.net\/no\/wp-json\/wp\/v2\/media?parent=649832"}],"wp:term":[{"taxonomy":"product_brand","embeddable":true,"href":"https:\/\/games.tactic.net\/no\/wp-json\/wp\/v2\/product_brand?post=649832"},{"taxonomy":"product_cat","embeddable":true,"href":"https:\/\/games.tactic.net\/no\/wp-json\/wp\/v2\/product_cat?post=649832"},{"taxonomy":"product_tag","embeddable":true,"href":"https:\/\/games.tactic.net\/no\/wp-json\/wp\/v2\/product_tag?post=649832"},{"taxonomy":"brand","embeddable":true,"href":"https:\/\/games.tactic.net\/no\/wp-json\/wp\/v2\/brand?post=649832"},{"taxonomy":"target-group","embeddable":true,"href":"https:\/\/games.tactic.net\/no\/wp-json\/wp\/v2\/target-group?post=649832"},{"taxonomy":"discontinued","embeddable":true,"href":"https:\/\/games.tactic.net\/no\/wp-json\/wp\/v2\/discontinued?post=649832"}],"curies":[{"name":"wp","href":"https:\/\/api.w.org\/{rel}","templated":true}]}}