{"id":649772,"date":"2022-10-20T10:47:51","date_gmt":"2022-10-20T07:47:51","guid":{"rendered":"http:\/\/games.tactic.net\/tuote\/mb-sprinter-transfer-with-driver-and-passenger\/"},"modified":"2025-03-03T09:46:56","modified_gmt":"2025-03-03T07:46:56","slug":"mb-sprinter-transfer-with-driver-and-passenger","status":"archive","type":"product","link":"https:\/\/games.tactic.net\/no\/tuote\/mb-sprinter-transfer-with-driver-and-passenger\/","title":{"rendered":"Mercedes-Benz Sprinter Transfer med sj\u00e5f\u00f8r og passasjer"},"content":{"rendered":"<p>Mercedes Benz Sprinter Transfer gir nesten ubegrensede bruksmuligheter med sitt store antall varianter, fra skolebusser eller mannskapsbusser til effektive flyplasstransport og komfortable intercitybusser. Denne sprinteren tilbyr maksimal fleksibilitet. Den nye Sprinter-modellen er n\u00e5 en del av BRUDER-serien. D\u00f8ren til f\u00f8rerhuset og bakd\u00f8rene kan \u00e5pnes. Et spesielt h\u00f8ydepunkt er den nyutviklede skyved\u00f8ren p\u00e5 passasjersiden. Interi\u00f8ret er fleksibelt utformet. De bakre seteradene kan monteres i forskjellige visningsretninger eller fjernes helt. Leveringsomfanget av dette kj\u00f8ret\u00f8yet inkluderer b\u00e5de en passasjer og sj\u00e5f\u00f8r. Alle bworld-figurer fra det brede BRUDER-utvalget passer til dette kj\u00f8ret\u00f8yet.<\/p>\n","protected":false},"excerpt":{"rendered":"<p>Bruder<\/p>\n","protected":false},"featured_media":0,"template":"","meta":{"content-type":"","_monsterinsights_skip_tracking":false,"_monsterinsights_sitenote_active":false,"_monsterinsights_sitenote_note":"","_monsterinsights_sitenote_category":0},"product_brand":[],"product_cat":[1705],"product_tag":[],"brand":[],"target-group":[],"discontinued":[],"class_list":{"0":"post-649772","1":"product","2":"type-product","3":"status-archive","5":"product_cat-bruder-leker","7":"first","8":"outofstock","9":"taxable","10":"shipping-taxable","11":"product-type-simple"},"aioseo_notices":[],"_links":{"self":[{"href":"https:\/\/games.tactic.net\/no\/wp-json\/wp\/v2\/product\/649772","targetHints":{"allow":["GET"]}}],"collection":[{"href":"https:\/\/games.tactic.net\/no\/wp-json\/wp\/v2\/product"}],"about":[{"href":"https:\/\/games.tactic.net\/no\/wp-json\/wp\/v2\/types\/product"}],"wp:attachment":[{"href":"https:\/\/games.tactic.net\/no\/wp-json\/wp\/v2\/media?parent=649772"}],"wp:term":[{"taxonomy":"product_brand","embeddable":true,"href":"https:\/\/games.tactic.net\/no\/wp-json\/wp\/v2\/product_brand?post=649772"},{"taxonomy":"product_cat","embeddable":true,"href":"https:\/\/games.tactic.net\/no\/wp-json\/wp\/v2\/product_cat?post=649772"},{"taxonomy":"product_tag","embeddable":true,"href":"https:\/\/games.tactic.net\/no\/wp-json\/wp\/v2\/product_tag?post=649772"},{"taxonomy":"brand","embeddable":true,"href":"https:\/\/games.tactic.net\/no\/wp-json\/wp\/v2\/brand?post=649772"},{"taxonomy":"target-group","embeddable":true,"href":"https:\/\/games.tactic.net\/no\/wp-json\/wp\/v2\/target-group?post=649772"},{"taxonomy":"discontinued","embeddable":true,"href":"https:\/\/games.tactic.net\/no\/wp-json\/wp\/v2\/discontinued?post=649772"}],"curies":[{"name":"wp","href":"https:\/\/api.w.org\/{rel}","templated":true}]}}