{"id":647317,"date":"2022-10-19T15:49:09","date_gmt":"2022-10-19T12:49:09","guid":{"rendered":"http:\/\/games.tactic.net\/tuote\/bworld-petrol-station-and-car-wash\/"},"modified":"2024-08-20T09:43:15","modified_gmt":"2024-08-20T06:43:15","slug":"bworld-petrol-station-and-car-wash","status":"archive","type":"product","link":"https:\/\/games.tactic.net\/no\/tuote\/bworld-petrol-station-and-car-wash\/","title":{"rendered":"bworld Bensinstasjon og bilvask"},"content":{"rendered":"<p>Nesten alle BRUDER-biler m\u00e5 fylles p\u00e5 og rengj\u00f8res av og til. Den nye, velutstyrte bworld-bensinstasjonen passer akkurat til dette form\u00e5let. Pumpen dispenserer alle standard drivstofftyper og en ladestasjon for elbil er ogs\u00e5 tilgjengelig. Lederen jobber i et moderne salgsrom med prisliste, monitor og moderne POS-system. En fullt funksjonell vaskestasjon er tilgjengelig for rengj\u00f8ring av skitne kj\u00f8ret\u00f8y. Fyll vann i den integrerte tanken. Den innebygde h\u00e5ndluftpumpen bygger opp trykk og vannet kan frigj\u00f8res for rengj\u00f8ring med den vedlagte &laquo;p\u00e5\/av&raquo;-bryteren. BRUDER roadster og sj\u00e5f\u00f8r supplerer dette omfattende settet. Bworld bilservice, bworld motorsykkelservice med Ducati Full Throttle Scrambler og MAN TGS bergingsbil er ogs\u00e5 tilgjengelig fra BRUDER som perfekte tillegg til bensinstasjonen.<\/p>\n","protected":false},"excerpt":{"rendered":"<p>Bruder<\/p>\n","protected":false},"featured_media":0,"template":"","meta":{"content-type":"","_monsterinsights_skip_tracking":false,"_monsterinsights_sitenote_active":false,"_monsterinsights_sitenote_note":"","_monsterinsights_sitenote_category":0},"product_brand":[],"product_cat":[1705],"product_tag":[],"brand":[],"target-group":[],"discontinued":[],"class_list":{"0":"post-647317","1":"product","2":"type-product","3":"status-archive","5":"product_cat-bruder-leker","7":"first","8":"outofstock","9":"taxable","10":"shipping-taxable","11":"product-type-simple"},"aioseo_notices":[],"_links":{"self":[{"href":"https:\/\/games.tactic.net\/no\/wp-json\/wp\/v2\/product\/647317","targetHints":{"allow":["GET"]}}],"collection":[{"href":"https:\/\/games.tactic.net\/no\/wp-json\/wp\/v2\/product"}],"about":[{"href":"https:\/\/games.tactic.net\/no\/wp-json\/wp\/v2\/types\/product"}],"wp:attachment":[{"href":"https:\/\/games.tactic.net\/no\/wp-json\/wp\/v2\/media?parent=647317"}],"wp:term":[{"taxonomy":"product_brand","embeddable":true,"href":"https:\/\/games.tactic.net\/no\/wp-json\/wp\/v2\/product_brand?post=647317"},{"taxonomy":"product_cat","embeddable":true,"href":"https:\/\/games.tactic.net\/no\/wp-json\/wp\/v2\/product_cat?post=647317"},{"taxonomy":"product_tag","embeddable":true,"href":"https:\/\/games.tactic.net\/no\/wp-json\/wp\/v2\/product_tag?post=647317"},{"taxonomy":"brand","embeddable":true,"href":"https:\/\/games.tactic.net\/no\/wp-json\/wp\/v2\/brand?post=647317"},{"taxonomy":"target-group","embeddable":true,"href":"https:\/\/games.tactic.net\/no\/wp-json\/wp\/v2\/target-group?post=647317"},{"taxonomy":"discontinued","embeddable":true,"href":"https:\/\/games.tactic.net\/no\/wp-json\/wp\/v2\/discontinued?post=647317"}],"curies":[{"name":"wp","href":"https:\/\/api.w.org\/{rel}","templated":true}]}}