{"id":647131,"date":"2022-10-19T15:43:19","date_gmt":"2022-10-19T12:43:19","guid":{"rendered":"http:\/\/games.tactic.net\/tuote\/roll-off-container-trailer-for-tractors\/"},"modified":"2023-10-20T16:58:32","modified_gmt":"2023-10-20T13:58:32","slug":"roll-off-container-trailer-for-tractors","status":"publish","type":"product","link":"https:\/\/games.tactic.net\/no\/tuote\/roll-off-container-trailer-for-tractors\/","title":{"rendered":"Roll-Off-Container tilhenger for traktorer"},"content":{"rendered":"<p>Roll-Off-Container trailere har blitt ekstremt popul\u00e6re i moderne landbruk. Deres allsidighet er h\u00f8yt verdsatt og brukt i enhver sammenheng da den kan brukes som en konvensjonell tipphenger og om n\u00f8dvendig ogs\u00e5 for stasjon\u00e6r fylling. Dette multitalentet forbedrer n\u00e5 BRUDERs verden med landbrukstema. Akkurat som den ekte varen er det mulig \u00e5 tippe eller slippe av enheten helt. De to svingd\u00f8rene gir tilgang til lasterommet. Denne leken har den universelle koblingsadapteren for \u00e5 muliggj\u00f8re en rekke forskjellige kombinasjoner. Alle traktorene i 2000 \u2013 4000-serien matcher perfekt denne flotte tilhengeren.<\/p>\n","protected":false},"excerpt":{"rendered":"<p>Bruder<\/p>\n","protected":false},"featured_media":0,"template":"","meta":{"content-type":"","_monsterinsights_skip_tracking":false,"_monsterinsights_sitenote_active":false,"_monsterinsights_sitenote_note":"","_monsterinsights_sitenote_category":0},"product_brand":[],"product_cat":[1705],"product_tag":[],"brand":[],"target-group":[],"discontinued":[],"class_list":{"0":"post-647131","1":"product","2":"type-product","3":"status-publish","5":"product_cat-bruder-leker","7":"first","8":"instock","9":"taxable","10":"shipping-taxable","11":"product-type-simple"},"aioseo_notices":[],"_links":{"self":[{"href":"https:\/\/games.tactic.net\/no\/wp-json\/wp\/v2\/product\/647131","targetHints":{"allow":["GET"]}}],"collection":[{"href":"https:\/\/games.tactic.net\/no\/wp-json\/wp\/v2\/product"}],"about":[{"href":"https:\/\/games.tactic.net\/no\/wp-json\/wp\/v2\/types\/product"}],"wp:attachment":[{"href":"https:\/\/games.tactic.net\/no\/wp-json\/wp\/v2\/media?parent=647131"}],"wp:term":[{"taxonomy":"product_brand","embeddable":true,"href":"https:\/\/games.tactic.net\/no\/wp-json\/wp\/v2\/product_brand?post=647131"},{"taxonomy":"product_cat","embeddable":true,"href":"https:\/\/games.tactic.net\/no\/wp-json\/wp\/v2\/product_cat?post=647131"},{"taxonomy":"product_tag","embeddable":true,"href":"https:\/\/games.tactic.net\/no\/wp-json\/wp\/v2\/product_tag?post=647131"},{"taxonomy":"brand","embeddable":true,"href":"https:\/\/games.tactic.net\/no\/wp-json\/wp\/v2\/brand?post=647131"},{"taxonomy":"target-group","embeddable":true,"href":"https:\/\/games.tactic.net\/no\/wp-json\/wp\/v2\/target-group?post=647131"},{"taxonomy":"discontinued","embeddable":true,"href":"https:\/\/games.tactic.net\/no\/wp-json\/wp\/v2\/discontinued?post=647131"}],"curies":[{"name":"wp","href":"https:\/\/api.w.org\/{rel}","templated":true}]}}